{"id":6501,"date":"2024-01-25T11:37:27","date_gmt":"2024-01-25T10:37:27","guid":{"rendered":"https:\/\/babysbonnette.com\/produit\/babys-bonnette-caso\/"},"modified":"2024-04-04T13:18:14","modified_gmt":"2024-04-04T11:18:14","slug":"babys-bonnette-caso","status":"publish","type":"product","link":"https:\/\/babysbonnette.com\/es\/produit\/babys-bonnette-caso\/","title":{"rendered":"Baby\u2019s Bonnette caso"},"content":{"rendered":"<p>No deje desprotegido su precioso gorrito cuando se desplace o simplemente cuando lo guarde: aseg\u00farese de que est\u00e9 lo m\u00e1s protegido posible con esta resistente funda, que garantiza su seguridad y durabilidad all\u00e1 donde vaya.<\/p>\n<p>Pr\u00e1ctica: dos cordones para un cierre r\u00e1pido<\/p>\n<p>Cuidados: se recomienda lavar a mano con agua tibia y jab\u00f3n y secar al aire libre<\/p>\n<div>Dimensiones: aprox. 12,5 cm x 15,5 cm<\/div>\n<div><\/div>\n<div><\/div>\n<div dir=\"ltr\">(Estuche vendido sin gorrito)<\/div>\n","protected":false},"excerpt":{"rendered":"<p>Estuche para su Baby&#8217;s Bonnette<\/p>\n","protected":false},"featured_media":7641,"template":"","meta":{"_eb_attr":""},"product_brand":[],"product_cat":[46],"product_tag":[],"class_list":{"0":"post-6501","1":"product","2":"type-product","3":"status-publish","4":"has-post-thumbnail","6":"product_cat-gorrito","8":"first","9":"instock","10":"shipping-taxable","11":"purchasable","12":"product-type-simple"},"yoast_head":"<!-- This site is optimized with the Yoast SEO plugin v27.2 - https:\/\/yoast.com\/product\/yoast-seo-wordpress\/ -->\n<title>Baby\u2019s Bonnette caso - Baby&#039;s Bonnette<\/title>\n<meta name=\"description\" content=\"Baby\u2019s Bonnette caso - Funda protectora de terciopelo suave para el gorro de tu beb\u00e9\" \/>\n<meta name=\"robots\" content=\"index, follow, max-snippet:-1, max-image-preview:large, max-video-preview:-1\" \/>\n<link rel=\"canonical\" href=\"https:\/\/babysbonnette.com\/es\/produit\/babys-bonnette-caso\/\" \/>\n<meta property=\"og:locale\" content=\"es_ES\" \/>\n<meta property=\"og:type\" content=\"article\" \/>\n<meta property=\"og:title\" content=\"Baby\u2019s Bonnette caso - Baby&#039;s Bonnette\" \/>\n<meta property=\"og:description\" content=\"Baby\u2019s Bonnette caso - Funda protectora de terciopelo suave para el gorro de tu beb\u00e9\" \/>\n<meta property=\"og:url\" content=\"https:\/\/babysbonnette.com\/es\/produit\/babys-bonnette-caso\/\" \/>\n<meta property=\"og:site_name\" content=\"Baby&#039;s Bonnette\" \/>\n<meta property=\"article:modified_time\" content=\"2024-04-04T11:18:14+00:00\" \/>\n<meta property=\"og:image\" content=\"https:\/\/babysbonnette.com\/wp-content\/uploads\/2024\/04\/etuit-e1712065053905.jpg\" \/>\n\t<meta property=\"og:image:width\" content=\"1840\" \/>\n\t<meta property=\"og:image:height\" content=\"2259\" \/>\n\t<meta property=\"og:image:type\" content=\"image\/jpeg\" \/>\n<meta name=\"twitter:card\" content=\"summary_large_image\" \/>\n<meta name=\"twitter:label1\" content=\"Tiempo de lectura\" \/>\n\t<meta name=\"twitter:data1\" content=\"1 minuto\" \/>\n<script type=\"application\/ld+json\" class=\"yoast-schema-graph\">{\"@context\":\"https:\/\/schema.org\",\"@graph\":[{\"@type\":\"WebPage\",\"@id\":\"https:\/\/babysbonnette.com\/es\/produit\/babys-bonnette-caso\/\",\"url\":\"https:\/\/babysbonnette.com\/es\/produit\/babys-bonnette-caso\/\",\"name\":\"Baby\u2019s Bonnette caso - Baby's Bonnette\",\"isPartOf\":{\"@id\":\"https:\/\/babysbonnette.com\/es\/#website\"},\"primaryImageOfPage\":{\"@id\":\"https:\/\/babysbonnette.com\/es\/produit\/babys-bonnette-caso\/#primaryimage\"},\"image\":{\"@id\":\"https:\/\/babysbonnette.com\/es\/produit\/babys-bonnette-caso\/#primaryimage\"},\"thumbnailUrl\":\"https:\/\/babysbonnette.com\/wp-content\/uploads\/2024\/01\/etuit-1-scaled.jpg\",\"datePublished\":\"2024-01-25T10:37:27+00:00\",\"dateModified\":\"2024-04-04T11:18:14+00:00\",\"description\":\"Baby\u2019s Bonnette caso - Funda protectora de terciopelo suave para el gorro de tu beb\u00e9\",\"breadcrumb\":{\"@id\":\"https:\/\/babysbonnette.com\/es\/produit\/babys-bonnette-caso\/#breadcrumb\"},\"inLanguage\":\"es\",\"potentialAction\":[{\"@type\":\"ReadAction\",\"target\":[\"https:\/\/babysbonnette.com\/es\/produit\/babys-bonnette-caso\/\"]}]},{\"@type\":\"ImageObject\",\"inLanguage\":\"es\",\"@id\":\"https:\/\/babysbonnette.com\/es\/produit\/babys-bonnette-caso\/#primaryimage\",\"url\":\"https:\/\/babysbonnette.com\/wp-content\/uploads\/2024\/01\/etuit-1-scaled.jpg\",\"contentUrl\":\"https:\/\/babysbonnette.com\/wp-content\/uploads\/2024\/01\/etuit-1-scaled.jpg\",\"width\":1661,\"height\":2560},{\"@type\":\"BreadcrumbList\",\"@id\":\"https:\/\/babysbonnette.com\/es\/produit\/babys-bonnette-caso\/#breadcrumb\",\"itemListElement\":[{\"@type\":\"ListItem\",\"position\":1,\"name\":\"Home\",\"item\":\"https:\/\/babysbonnette.com\/es\/\"},{\"@type\":\"ListItem\",\"position\":2,\"name\":\"Tienda\",\"item\":\"https:\/\/babysbonnette.com\/es\/tienda\/\"},{\"@type\":\"ListItem\",\"position\":3,\"name\":\"Baby\u2019s Bonnette caso\"}]},{\"@type\":\"WebSite\",\"@id\":\"https:\/\/babysbonnette.com\/es\/#website\",\"url\":\"https:\/\/babysbonnette.com\/es\/\",\"name\":\"Baby's Bonnette\",\"description\":\"Le bonnet anti-retournement d&rsquo;oreilles est une solution pour maintenir efficacement les oreilles de b&eacute;b&eacute; pendant son sommeil. Ce bonnet plaque en douceur les oreilles de l&rsquo;enfant et les emp&ecirc;che ainsi de se retourner et de se plier. Cette astuce permet d&rsquo;&eacute;viter aux nourrissons d&rsquo;avoir les oreilles d&eacute;coll&eacute;es.\",\"publisher\":{\"@id\":\"https:\/\/babysbonnette.com\/es\/#organization\"},\"potentialAction\":[{\"@type\":\"SearchAction\",\"target\":{\"@type\":\"EntryPoint\",\"urlTemplate\":\"https:\/\/babysbonnette.com\/es\/?s={search_term_string}\"},\"query-input\":{\"@type\":\"PropertyValueSpecification\",\"valueRequired\":true,\"valueName\":\"search_term_string\"}}],\"inLanguage\":\"es\"},{\"@type\":\"Organization\",\"@id\":\"https:\/\/babysbonnette.com\/es\/#organization\",\"name\":\"Baby's Bonnette\",\"url\":\"https:\/\/babysbonnette.com\/es\/\",\"logo\":{\"@type\":\"ImageObject\",\"inLanguage\":\"es\",\"@id\":\"https:\/\/babysbonnette.com\/es\/#\/schema\/logo\/image\/\",\"url\":\"https:\/\/babysbonnette.com\/wp-content\/uploads\/2023\/11\/logo-2.png\",\"contentUrl\":\"https:\/\/babysbonnette.com\/wp-content\/uploads\/2023\/11\/logo-2.png\",\"width\":260,\"height\":150,\"caption\":\"Baby's Bonnette\"},\"image\":{\"@id\":\"https:\/\/babysbonnette.com\/es\/#\/schema\/logo\/image\/\"},\"sameAs\":[\"https:\/\/www.instagram.com\/babys_bonnette\/\"]}]}<\/script>\n<!-- \/ Yoast SEO plugin. -->","yoast_head_json":{"title":"Baby\u2019s Bonnette caso - Baby's Bonnette","description":"Baby\u2019s Bonnette caso - Funda protectora de terciopelo suave para el gorro de tu beb\u00e9","robots":{"index":"index","follow":"follow","max-snippet":"max-snippet:-1","max-image-preview":"max-image-preview:large","max-video-preview":"max-video-preview:-1"},"canonical":"https:\/\/babysbonnette.com\/es\/produit\/babys-bonnette-caso\/","og_locale":"es_ES","og_type":"article","og_title":"Baby\u2019s Bonnette caso - Baby's Bonnette","og_description":"Baby\u2019s Bonnette caso - Funda protectora de terciopelo suave para el gorro de tu beb\u00e9","og_url":"https:\/\/babysbonnette.com\/es\/produit\/babys-bonnette-caso\/","og_site_name":"Baby's Bonnette","article_modified_time":"2024-04-04T11:18:14+00:00","og_image":[{"width":1840,"height":2259,"url":"https:\/\/babysbonnette.com\/wp-content\/uploads\/2024\/04\/etuit-e1712065053905.jpg","type":"image\/jpeg"}],"twitter_card":"summary_large_image","twitter_misc":{"Tiempo de lectura":"1 minuto"},"schema":{"@context":"https:\/\/schema.org","@graph":[{"@type":"WebPage","@id":"https:\/\/babysbonnette.com\/es\/produit\/babys-bonnette-caso\/","url":"https:\/\/babysbonnette.com\/es\/produit\/babys-bonnette-caso\/","name":"Baby\u2019s Bonnette caso - Baby's Bonnette","isPartOf":{"@id":"https:\/\/babysbonnette.com\/es\/#website"},"primaryImageOfPage":{"@id":"https:\/\/babysbonnette.com\/es\/produit\/babys-bonnette-caso\/#primaryimage"},"image":{"@id":"https:\/\/babysbonnette.com\/es\/produit\/babys-bonnette-caso\/#primaryimage"},"thumbnailUrl":"https:\/\/babysbonnette.com\/wp-content\/uploads\/2024\/01\/etuit-1-scaled.jpg","datePublished":"2024-01-25T10:37:27+00:00","dateModified":"2024-04-04T11:18:14+00:00","description":"Baby\u2019s Bonnette caso - Funda protectora de terciopelo suave para el gorro de tu beb\u00e9","breadcrumb":{"@id":"https:\/\/babysbonnette.com\/es\/produit\/babys-bonnette-caso\/#breadcrumb"},"inLanguage":"es","potentialAction":[{"@type":"ReadAction","target":["https:\/\/babysbonnette.com\/es\/produit\/babys-bonnette-caso\/"]}]},{"@type":"ImageObject","inLanguage":"es","@id":"https:\/\/babysbonnette.com\/es\/produit\/babys-bonnette-caso\/#primaryimage","url":"https:\/\/babysbonnette.com\/wp-content\/uploads\/2024\/01\/etuit-1-scaled.jpg","contentUrl":"https:\/\/babysbonnette.com\/wp-content\/uploads\/2024\/01\/etuit-1-scaled.jpg","width":1661,"height":2560},{"@type":"BreadcrumbList","@id":"https:\/\/babysbonnette.com\/es\/produit\/babys-bonnette-caso\/#breadcrumb","itemListElement":[{"@type":"ListItem","position":1,"name":"Home","item":"https:\/\/babysbonnette.com\/es\/"},{"@type":"ListItem","position":2,"name":"Tienda","item":"https:\/\/babysbonnette.com\/es\/tienda\/"},{"@type":"ListItem","position":3,"name":"Baby\u2019s Bonnette caso"}]},{"@type":"WebSite","@id":"https:\/\/babysbonnette.com\/es\/#website","url":"https:\/\/babysbonnette.com\/es\/","name":"Baby's Bonnette","description":"Le bonnet anti-retournement d&rsquo;oreilles est une solution pour maintenir efficacement les oreilles de b&eacute;b&eacute; pendant son sommeil. Ce bonnet plaque en douceur les oreilles de l&rsquo;enfant et les emp&ecirc;che ainsi de se retourner et de se plier. Cette astuce permet d&rsquo;&eacute;viter aux nourrissons d&rsquo;avoir les oreilles d&eacute;coll&eacute;es.","publisher":{"@id":"https:\/\/babysbonnette.com\/es\/#organization"},"potentialAction":[{"@type":"SearchAction","target":{"@type":"EntryPoint","urlTemplate":"https:\/\/babysbonnette.com\/es\/?s={search_term_string}"},"query-input":{"@type":"PropertyValueSpecification","valueRequired":true,"valueName":"search_term_string"}}],"inLanguage":"es"},{"@type":"Organization","@id":"https:\/\/babysbonnette.com\/es\/#organization","name":"Baby's Bonnette","url":"https:\/\/babysbonnette.com\/es\/","logo":{"@type":"ImageObject","inLanguage":"es","@id":"https:\/\/babysbonnette.com\/es\/#\/schema\/logo\/image\/","url":"https:\/\/babysbonnette.com\/wp-content\/uploads\/2023\/11\/logo-2.png","contentUrl":"https:\/\/babysbonnette.com\/wp-content\/uploads\/2023\/11\/logo-2.png","width":260,"height":150,"caption":"Baby's Bonnette"},"image":{"@id":"https:\/\/babysbonnette.com\/es\/#\/schema\/logo\/image\/"},"sameAs":["https:\/\/www.instagram.com\/babys_bonnette\/"]}]}},"_links":{"self":[{"href":"https:\/\/babysbonnette.com\/es\/wp-json\/wp\/v2\/product\/6501","targetHints":{"allow":["GET"]}}],"collection":[{"href":"https:\/\/babysbonnette.com\/es\/wp-json\/wp\/v2\/product"}],"about":[{"href":"https:\/\/babysbonnette.com\/es\/wp-json\/wp\/v2\/types\/product"}],"wp:featuredmedia":[{"embeddable":true,"href":"https:\/\/babysbonnette.com\/es\/wp-json\/wp\/v2\/media\/7641"}],"wp:attachment":[{"href":"https:\/\/babysbonnette.com\/es\/wp-json\/wp\/v2\/media?parent=6501"}],"wp:term":[{"taxonomy":"product_brand","embeddable":true,"href":"https:\/\/babysbonnette.com\/es\/wp-json\/wp\/v2\/product_brand?post=6501"},{"taxonomy":"product_cat","embeddable":true,"href":"https:\/\/babysbonnette.com\/es\/wp-json\/wp\/v2\/product_cat?post=6501"},{"taxonomy":"product_tag","embeddable":true,"href":"https:\/\/babysbonnette.com\/es\/wp-json\/wp\/v2\/product_tag?post=6501"}],"curies":[{"name":"wp","href":"https:\/\/api.w.org\/{rel}","templated":true}]}}