{"id":6485,"date":"2024-01-25T11:26:00","date_gmt":"2024-01-25T10:26:00","guid":{"rendered":"https:\/\/babysbonnette.com\/?post_type=product&#038;p=6485"},"modified":"2024-04-03T07:16:20","modified_gmt":"2024-04-03T06:16:20","slug":"gorrito-beige","status":"publish","type":"product","link":"https:\/\/babysbonnette.com\/es\/produit\/gorrito-beige\/","title":{"rendered":"Gorrito Beige"},"content":{"rendered":"\r\n<p>El color arena evoca una sensaci\u00f3n de calma y sencillez. Suave y c\u00e1lido, el beige crea un efecto zen y una serenidad instant\u00e1nea.<\/p>\r\n","protected":false},"excerpt":{"rendered":"<p><strong><strong>Gorro de malla ultra el\u00e1stico que mantiene sujetas las orejas, impidiendo que se doblen<\/strong>.<\/strong><\/p>\n","protected":false},"featured_media":6489,"template":"","meta":{"_eb_attr":""},"product_brand":[],"product_cat":[46],"product_tag":[],"class_list":{"0":"post-6485","1":"product","2":"type-product","3":"status-publish","4":"has-post-thumbnail","6":"product_cat-gorrito","8":"first","9":"instock","10":"shipping-taxable","11":"purchasable","12":"product-type-simple"},"yoast_head":"<!-- This site is optimized with the Yoast SEO plugin v27.2 - https:\/\/yoast.com\/product\/yoast-seo-wordpress\/ -->\n<title>Gorrito Beige - Baby&#039;s Bonnette<\/title>\n<meta name=\"description\" content=\"Gorrito Beige - El color arena evoca una sensaci\u00f3n de calma y sencillez. Suave y c\u00e1lido, el beige crea un efecto zen y una serenidad instant\u00e1nea.\" \/>\n<meta name=\"robots\" content=\"index, follow, max-snippet:-1, max-image-preview:large, max-video-preview:-1\" \/>\n<link rel=\"canonical\" href=\"https:\/\/babysbonnette.com\/es\/produit\/gorrito-beige\/\" \/>\n<meta property=\"og:locale\" content=\"es_ES\" \/>\n<meta property=\"og:type\" content=\"article\" \/>\n<meta property=\"og:title\" content=\"Gorrito Beige - Baby&#039;s Bonnette\" \/>\n<meta property=\"og:description\" content=\"Gorrito Beige - El color arena evoca una sensaci\u00f3n de calma y sencillez. Suave y c\u00e1lido, el beige crea un efecto zen y una serenidad instant\u00e1nea.\" \/>\n<meta property=\"og:url\" content=\"https:\/\/babysbonnette.com\/es\/produit\/gorrito-beige\/\" \/>\n<meta property=\"og:site_name\" content=\"Baby&#039;s Bonnette\" \/>\n<meta property=\"article:modified_time\" content=\"2024-04-03T06:16:20+00:00\" \/>\n<meta property=\"og:image\" content=\"https:\/\/babysbonnette.com\/wp-content\/uploads\/2024\/01\/bonnet-babys-bonnette-bonnet-enfant-sable-de-loire.jpg\" \/>\n\t<meta property=\"og:image:width\" content=\"768\" \/>\n\t<meta property=\"og:image:height\" content=\"1024\" \/>\n\t<meta property=\"og:image:type\" content=\"image\/jpeg\" \/>\n<meta name=\"twitter:card\" content=\"summary_large_image\" \/>\n<meta name=\"twitter:label1\" content=\"Tiempo de lectura\" \/>\n\t<meta name=\"twitter:data1\" content=\"1 minuto\" \/>\n<script type=\"application\/ld+json\" class=\"yoast-schema-graph\">{\"@context\":\"https:\/\/schema.org\",\"@graph\":[{\"@type\":\"WebPage\",\"@id\":\"https:\/\/babysbonnette.com\/es\/produit\/gorrito-beige\/\",\"url\":\"https:\/\/babysbonnette.com\/es\/produit\/gorrito-beige\/\",\"name\":\"Gorrito Beige - Baby's Bonnette\",\"isPartOf\":{\"@id\":\"https:\/\/babysbonnette.com\/es\/#website\"},\"primaryImageOfPage\":{\"@id\":\"https:\/\/babysbonnette.com\/es\/produit\/gorrito-beige\/#primaryimage\"},\"image\":{\"@id\":\"https:\/\/babysbonnette.com\/es\/produit\/gorrito-beige\/#primaryimage\"},\"thumbnailUrl\":\"https:\/\/babysbonnette.com\/wp-content\/uploads\/2024\/01\/bonnet-babys-bonnette-bonnet-enfant-sable-de-loire.jpg\",\"datePublished\":\"2024-01-25T10:26:00+00:00\",\"dateModified\":\"2024-04-03T06:16:20+00:00\",\"description\":\"Gorrito Beige - El color arena evoca una sensaci\u00f3n de calma y sencillez. Suave y c\u00e1lido, el beige crea un efecto zen y una serenidad instant\u00e1nea.\",\"breadcrumb\":{\"@id\":\"https:\/\/babysbonnette.com\/es\/produit\/gorrito-beige\/#breadcrumb\"},\"inLanguage\":\"es\",\"potentialAction\":[{\"@type\":\"ReadAction\",\"target\":[\"https:\/\/babysbonnette.com\/es\/produit\/gorrito-beige\/\"]}]},{\"@type\":\"ImageObject\",\"inLanguage\":\"es\",\"@id\":\"https:\/\/babysbonnette.com\/es\/produit\/gorrito-beige\/#primaryimage\",\"url\":\"https:\/\/babysbonnette.com\/wp-content\/uploads\/2024\/01\/bonnet-babys-bonnette-bonnet-enfant-sable-de-loire.jpg\",\"contentUrl\":\"https:\/\/babysbonnette.com\/wp-content\/uploads\/2024\/01\/bonnet-babys-bonnette-bonnet-enfant-sable-de-loire.jpg\",\"width\":768,\"height\":1024,\"caption\":\"bonnette\"},{\"@type\":\"BreadcrumbList\",\"@id\":\"https:\/\/babysbonnette.com\/es\/produit\/gorrito-beige\/#breadcrumb\",\"itemListElement\":[{\"@type\":\"ListItem\",\"position\":1,\"name\":\"Home\",\"item\":\"https:\/\/babysbonnette.com\/es\/\"},{\"@type\":\"ListItem\",\"position\":2,\"name\":\"Tienda\",\"item\":\"https:\/\/babysbonnette.com\/es\/tienda\/\"},{\"@type\":\"ListItem\",\"position\":3,\"name\":\"Gorrito Beige\"}]},{\"@type\":\"WebSite\",\"@id\":\"https:\/\/babysbonnette.com\/es\/#website\",\"url\":\"https:\/\/babysbonnette.com\/es\/\",\"name\":\"Baby's Bonnette\",\"description\":\"Le bonnet anti-retournement d&rsquo;oreilles est une solution pour maintenir efficacement les oreilles de b&eacute;b&eacute; pendant son sommeil. Ce bonnet plaque en douceur les oreilles de l&rsquo;enfant et les emp&ecirc;che ainsi de se retourner et de se plier. Cette astuce permet d&rsquo;&eacute;viter aux nourrissons d&rsquo;avoir les oreilles d&eacute;coll&eacute;es.\",\"publisher\":{\"@id\":\"https:\/\/babysbonnette.com\/es\/#organization\"},\"potentialAction\":[{\"@type\":\"SearchAction\",\"target\":{\"@type\":\"EntryPoint\",\"urlTemplate\":\"https:\/\/babysbonnette.com\/es\/?s={search_term_string}\"},\"query-input\":{\"@type\":\"PropertyValueSpecification\",\"valueRequired\":true,\"valueName\":\"search_term_string\"}}],\"inLanguage\":\"es\"},{\"@type\":\"Organization\",\"@id\":\"https:\/\/babysbonnette.com\/es\/#organization\",\"name\":\"Baby's Bonnette\",\"url\":\"https:\/\/babysbonnette.com\/es\/\",\"logo\":{\"@type\":\"ImageObject\",\"inLanguage\":\"es\",\"@id\":\"https:\/\/babysbonnette.com\/es\/#\/schema\/logo\/image\/\",\"url\":\"https:\/\/babysbonnette.com\/wp-content\/uploads\/2023\/11\/logo-2.png\",\"contentUrl\":\"https:\/\/babysbonnette.com\/wp-content\/uploads\/2023\/11\/logo-2.png\",\"width\":260,\"height\":150,\"caption\":\"Baby's Bonnette\"},\"image\":{\"@id\":\"https:\/\/babysbonnette.com\/es\/#\/schema\/logo\/image\/\"},\"sameAs\":[\"https:\/\/www.instagram.com\/babys_bonnette\/\"]}]}<\/script>\n<!-- \/ Yoast SEO plugin. -->","yoast_head_json":{"title":"Gorrito Beige - Baby's Bonnette","description":"Gorrito Beige - El color arena evoca una sensaci\u00f3n de calma y sencillez. Suave y c\u00e1lido, el beige crea un efecto zen y una serenidad instant\u00e1nea.","robots":{"index":"index","follow":"follow","max-snippet":"max-snippet:-1","max-image-preview":"max-image-preview:large","max-video-preview":"max-video-preview:-1"},"canonical":"https:\/\/babysbonnette.com\/es\/produit\/gorrito-beige\/","og_locale":"es_ES","og_type":"article","og_title":"Gorrito Beige - Baby's Bonnette","og_description":"Gorrito Beige - El color arena evoca una sensaci\u00f3n de calma y sencillez. Suave y c\u00e1lido, el beige crea un efecto zen y una serenidad instant\u00e1nea.","og_url":"https:\/\/babysbonnette.com\/es\/produit\/gorrito-beige\/","og_site_name":"Baby's Bonnette","article_modified_time":"2024-04-03T06:16:20+00:00","og_image":[{"width":768,"height":1024,"url":"https:\/\/babysbonnette.com\/wp-content\/uploads\/2024\/01\/bonnet-babys-bonnette-bonnet-enfant-sable-de-loire.jpg","type":"image\/jpeg"}],"twitter_card":"summary_large_image","twitter_misc":{"Tiempo de lectura":"1 minuto"},"schema":{"@context":"https:\/\/schema.org","@graph":[{"@type":"WebPage","@id":"https:\/\/babysbonnette.com\/es\/produit\/gorrito-beige\/","url":"https:\/\/babysbonnette.com\/es\/produit\/gorrito-beige\/","name":"Gorrito Beige - Baby's Bonnette","isPartOf":{"@id":"https:\/\/babysbonnette.com\/es\/#website"},"primaryImageOfPage":{"@id":"https:\/\/babysbonnette.com\/es\/produit\/gorrito-beige\/#primaryimage"},"image":{"@id":"https:\/\/babysbonnette.com\/es\/produit\/gorrito-beige\/#primaryimage"},"thumbnailUrl":"https:\/\/babysbonnette.com\/wp-content\/uploads\/2024\/01\/bonnet-babys-bonnette-bonnet-enfant-sable-de-loire.jpg","datePublished":"2024-01-25T10:26:00+00:00","dateModified":"2024-04-03T06:16:20+00:00","description":"Gorrito Beige - El color arena evoca una sensaci\u00f3n de calma y sencillez. Suave y c\u00e1lido, el beige crea un efecto zen y una serenidad instant\u00e1nea.","breadcrumb":{"@id":"https:\/\/babysbonnette.com\/es\/produit\/gorrito-beige\/#breadcrumb"},"inLanguage":"es","potentialAction":[{"@type":"ReadAction","target":["https:\/\/babysbonnette.com\/es\/produit\/gorrito-beige\/"]}]},{"@type":"ImageObject","inLanguage":"es","@id":"https:\/\/babysbonnette.com\/es\/produit\/gorrito-beige\/#primaryimage","url":"https:\/\/babysbonnette.com\/wp-content\/uploads\/2024\/01\/bonnet-babys-bonnette-bonnet-enfant-sable-de-loire.jpg","contentUrl":"https:\/\/babysbonnette.com\/wp-content\/uploads\/2024\/01\/bonnet-babys-bonnette-bonnet-enfant-sable-de-loire.jpg","width":768,"height":1024,"caption":"bonnette"},{"@type":"BreadcrumbList","@id":"https:\/\/babysbonnette.com\/es\/produit\/gorrito-beige\/#breadcrumb","itemListElement":[{"@type":"ListItem","position":1,"name":"Home","item":"https:\/\/babysbonnette.com\/es\/"},{"@type":"ListItem","position":2,"name":"Tienda","item":"https:\/\/babysbonnette.com\/es\/tienda\/"},{"@type":"ListItem","position":3,"name":"Gorrito Beige"}]},{"@type":"WebSite","@id":"https:\/\/babysbonnette.com\/es\/#website","url":"https:\/\/babysbonnette.com\/es\/","name":"Baby's Bonnette","description":"Le bonnet anti-retournement d&rsquo;oreilles est une solution pour maintenir efficacement les oreilles de b&eacute;b&eacute; pendant son sommeil. Ce bonnet plaque en douceur les oreilles de l&rsquo;enfant et les emp&ecirc;che ainsi de se retourner et de se plier. Cette astuce permet d&rsquo;&eacute;viter aux nourrissons d&rsquo;avoir les oreilles d&eacute;coll&eacute;es.","publisher":{"@id":"https:\/\/babysbonnette.com\/es\/#organization"},"potentialAction":[{"@type":"SearchAction","target":{"@type":"EntryPoint","urlTemplate":"https:\/\/babysbonnette.com\/es\/?s={search_term_string}"},"query-input":{"@type":"PropertyValueSpecification","valueRequired":true,"valueName":"search_term_string"}}],"inLanguage":"es"},{"@type":"Organization","@id":"https:\/\/babysbonnette.com\/es\/#organization","name":"Baby's Bonnette","url":"https:\/\/babysbonnette.com\/es\/","logo":{"@type":"ImageObject","inLanguage":"es","@id":"https:\/\/babysbonnette.com\/es\/#\/schema\/logo\/image\/","url":"https:\/\/babysbonnette.com\/wp-content\/uploads\/2023\/11\/logo-2.png","contentUrl":"https:\/\/babysbonnette.com\/wp-content\/uploads\/2023\/11\/logo-2.png","width":260,"height":150,"caption":"Baby's Bonnette"},"image":{"@id":"https:\/\/babysbonnette.com\/es\/#\/schema\/logo\/image\/"},"sameAs":["https:\/\/www.instagram.com\/babys_bonnette\/"]}]}},"_links":{"self":[{"href":"https:\/\/babysbonnette.com\/es\/wp-json\/wp\/v2\/product\/6485","targetHints":{"allow":["GET"]}}],"collection":[{"href":"https:\/\/babysbonnette.com\/es\/wp-json\/wp\/v2\/product"}],"about":[{"href":"https:\/\/babysbonnette.com\/es\/wp-json\/wp\/v2\/types\/product"}],"wp:featuredmedia":[{"embeddable":true,"href":"https:\/\/babysbonnette.com\/es\/wp-json\/wp\/v2\/media\/6489"}],"wp:attachment":[{"href":"https:\/\/babysbonnette.com\/es\/wp-json\/wp\/v2\/media?parent=6485"}],"wp:term":[{"taxonomy":"product_brand","embeddable":true,"href":"https:\/\/babysbonnette.com\/es\/wp-json\/wp\/v2\/product_brand?post=6485"},{"taxonomy":"product_cat","embeddable":true,"href":"https:\/\/babysbonnette.com\/es\/wp-json\/wp\/v2\/product_cat?post=6485"},{"taxonomy":"product_tag","embeddable":true,"href":"https:\/\/babysbonnette.com\/es\/wp-json\/wp\/v2\/product_tag?post=6485"}],"curies":[{"name":"wp","href":"https:\/\/api.w.org\/{rel}","templated":true}]}}