{"id":6500,"date":"2024-01-25T11:37:27","date_gmt":"2024-01-25T10:37:27","guid":{"rendered":"https:\/\/babysbonnette.com\/produit\/babys-bonnette-etui\/"},"modified":"2024-04-04T13:19:31","modified_gmt":"2024-04-04T11:19:31","slug":"babys-bonnette-etui","status":"publish","type":"product","link":"https:\/\/babysbonnette.com\/de\/produit\/babys-bonnette-etui\/","title":{"rendered":"Baby&#8217;s Bonnette etui"},"content":{"rendered":"<p><b>Schutzh\u00fclle aus weichem Velours f\u00fcr Ihre Baby&#8217;s M\u00fctze<\/b><\/p>\n<p>Lassen Sie Ihren wertvollen Ohrst\u00f6psel nicht l\u00e4nger ungesch\u00fctzt, wenn Sie unterwegs sind oder ihn einfach nur aufbewahren: Dieses robuste Etui bietet optimalen Schutz und sorgt f\u00fcr Sicherheit und Haltbarkeit, wo auch immer Sie hingehen.<\/p>\n<p>Praktisch: Zwei verschiebbare Kordeln f\u00fcr einen schnellen Verschluss.<br \/>\nPflege: Handw\u00e4sche mit lauwarmer Seifenlauge und Trocknen an der Luft empfohlen.<br \/>\nMa\u00dfe: ca. 12,5 cm x 15,5 cm<\/p>\n<div dir=\"ltr\">(Etui ohne M\u00fctze verkauft)<\/div>\n","protected":false},"excerpt":{"rendered":"<p>Etui f\u00fcr Ihre Baby&#8217;s Bonnette<\/p>\n","protected":false},"featured_media":7644,"template":"","meta":{"_eb_attr":""},"product_brand":[],"product_cat":[45],"product_tag":[],"class_list":{"0":"post-6500","1":"product","2":"type-product","3":"status-publish","4":"has-post-thumbnail","6":"product_cat-mutze","8":"first","9":"instock","10":"shipping-taxable","11":"purchasable","12":"product-type-simple"},"yoast_head":"<!-- This site is optimized with the Yoast SEO plugin v27.2 - https:\/\/yoast.com\/product\/yoast-seo-wordpress\/ -->\n<title>Baby&#039;s Bonnette etui - Baby&#039;s Bonnette<\/title>\n<meta name=\"description\" content=\"Baby&#039;s Bonnette etui - Schutzh\u00fclle aus weichem Velours f\u00fcr Ihre Baby&#039;s M\u00fctze\" \/>\n<meta name=\"robots\" content=\"index, follow, max-snippet:-1, max-image-preview:large, max-video-preview:-1\" \/>\n<link rel=\"canonical\" href=\"https:\/\/babysbonnette.com\/de\/produit\/babys-bonnette-etui\/\" \/>\n<meta property=\"og:locale\" content=\"de_DE\" \/>\n<meta property=\"og:type\" content=\"article\" \/>\n<meta property=\"og:title\" content=\"Baby&#039;s Bonnette etui - Baby&#039;s Bonnette\" \/>\n<meta property=\"og:description\" content=\"Baby&#039;s Bonnette etui - Schutzh\u00fclle aus weichem Velours f\u00fcr Ihre Baby&#039;s M\u00fctze\" \/>\n<meta property=\"og:url\" content=\"https:\/\/babysbonnette.com\/de\/produit\/babys-bonnette-etui\/\" \/>\n<meta property=\"og:site_name\" content=\"Baby&#039;s Bonnette\" \/>\n<meta property=\"article:modified_time\" content=\"2024-04-04T11:19:31+00:00\" \/>\n<meta property=\"og:image\" content=\"https:\/\/babysbonnette.com\/wp-content\/uploads\/2024\/04\/etuit-e1712065053905.jpg\" \/>\n\t<meta property=\"og:image:width\" content=\"1840\" \/>\n\t<meta property=\"og:image:height\" content=\"2259\" \/>\n\t<meta property=\"og:image:type\" content=\"image\/jpeg\" \/>\n<meta name=\"twitter:card\" content=\"summary_large_image\" \/>\n<meta name=\"twitter:label1\" content=\"Gesch\u00e4tzte Lesezeit\" \/>\n\t<meta name=\"twitter:data1\" content=\"1\u00a0Minute\" \/>\n<script type=\"application\/ld+json\" class=\"yoast-schema-graph\">{\"@context\":\"https:\/\/schema.org\",\"@graph\":[{\"@type\":\"WebPage\",\"@id\":\"https:\/\/babysbonnette.com\/de\/produit\/babys-bonnette-etui\/\",\"url\":\"https:\/\/babysbonnette.com\/de\/produit\/babys-bonnette-etui\/\",\"name\":\"Baby's Bonnette etui - Baby's Bonnette\",\"isPartOf\":{\"@id\":\"https:\/\/babysbonnette.com\/de\/#website\"},\"primaryImageOfPage\":{\"@id\":\"https:\/\/babysbonnette.com\/de\/produit\/babys-bonnette-etui\/#primaryimage\"},\"image\":{\"@id\":\"https:\/\/babysbonnette.com\/de\/produit\/babys-bonnette-etui\/#primaryimage\"},\"thumbnailUrl\":\"https:\/\/babysbonnette.com\/wp-content\/uploads\/2024\/01\/etuit-1-scaled.jpg\",\"datePublished\":\"2024-01-25T10:37:27+00:00\",\"dateModified\":\"2024-04-04T11:19:31+00:00\",\"description\":\"Baby's Bonnette etui - Schutzh\u00fclle aus weichem Velours f\u00fcr Ihre Baby's M\u00fctze\",\"breadcrumb\":{\"@id\":\"https:\/\/babysbonnette.com\/de\/produit\/babys-bonnette-etui\/#breadcrumb\"},\"inLanguage\":\"de\",\"potentialAction\":[{\"@type\":\"ReadAction\",\"target\":[\"https:\/\/babysbonnette.com\/de\/produit\/babys-bonnette-etui\/\"]}]},{\"@type\":\"ImageObject\",\"inLanguage\":\"de\",\"@id\":\"https:\/\/babysbonnette.com\/de\/produit\/babys-bonnette-etui\/#primaryimage\",\"url\":\"https:\/\/babysbonnette.com\/wp-content\/uploads\/2024\/01\/etuit-1-scaled.jpg\",\"contentUrl\":\"https:\/\/babysbonnette.com\/wp-content\/uploads\/2024\/01\/etuit-1-scaled.jpg\",\"width\":1661,\"height\":2560},{\"@type\":\"BreadcrumbList\",\"@id\":\"https:\/\/babysbonnette.com\/de\/produit\/babys-bonnette-etui\/#breadcrumb\",\"itemListElement\":[{\"@type\":\"ListItem\",\"position\":1,\"name\":\"Home\",\"item\":\"https:\/\/babysbonnette.com\/de\/\"},{\"@type\":\"ListItem\",\"position\":2,\"name\":\"Shop\",\"item\":\"https:\/\/babysbonnette.com\/de\/shop\/\"},{\"@type\":\"ListItem\",\"position\":3,\"name\":\"Baby&#8217;s Bonnette etui\"}]},{\"@type\":\"WebSite\",\"@id\":\"https:\/\/babysbonnette.com\/de\/#website\",\"url\":\"https:\/\/babysbonnette.com\/de\/\",\"name\":\"Baby's Bonnette\",\"description\":\"Le bonnet anti-retournement d&rsquo;oreilles est une solution pour maintenir efficacement les oreilles de b&eacute;b&eacute; pendant son sommeil. Ce bonnet plaque en douceur les oreilles de l&rsquo;enfant et les emp&ecirc;che ainsi de se retourner et de se plier. Cette astuce permet d&rsquo;&eacute;viter aux nourrissons d&rsquo;avoir les oreilles d&eacute;coll&eacute;es.\",\"publisher\":{\"@id\":\"https:\/\/babysbonnette.com\/de\/#organization\"},\"potentialAction\":[{\"@type\":\"SearchAction\",\"target\":{\"@type\":\"EntryPoint\",\"urlTemplate\":\"https:\/\/babysbonnette.com\/de\/?s={search_term_string}\"},\"query-input\":{\"@type\":\"PropertyValueSpecification\",\"valueRequired\":true,\"valueName\":\"search_term_string\"}}],\"inLanguage\":\"de\"},{\"@type\":\"Organization\",\"@id\":\"https:\/\/babysbonnette.com\/de\/#organization\",\"name\":\"Baby's Bonnette\",\"url\":\"https:\/\/babysbonnette.com\/de\/\",\"logo\":{\"@type\":\"ImageObject\",\"inLanguage\":\"de\",\"@id\":\"https:\/\/babysbonnette.com\/de\/#\/schema\/logo\/image\/\",\"url\":\"https:\/\/babysbonnette.com\/wp-content\/uploads\/2023\/11\/logo-2.png\",\"contentUrl\":\"https:\/\/babysbonnette.com\/wp-content\/uploads\/2023\/11\/logo-2.png\",\"width\":260,\"height\":150,\"caption\":\"Baby's Bonnette\"},\"image\":{\"@id\":\"https:\/\/babysbonnette.com\/de\/#\/schema\/logo\/image\/\"},\"sameAs\":[\"https:\/\/www.instagram.com\/babys_bonnette\/\"]}]}<\/script>\n<!-- \/ Yoast SEO plugin. -->","yoast_head_json":{"title":"Baby's Bonnette etui - Baby's Bonnette","description":"Baby's Bonnette etui - Schutzh\u00fclle aus weichem Velours f\u00fcr Ihre Baby's M\u00fctze","robots":{"index":"index","follow":"follow","max-snippet":"max-snippet:-1","max-image-preview":"max-image-preview:large","max-video-preview":"max-video-preview:-1"},"canonical":"https:\/\/babysbonnette.com\/de\/produit\/babys-bonnette-etui\/","og_locale":"de_DE","og_type":"article","og_title":"Baby's Bonnette etui - Baby's Bonnette","og_description":"Baby's Bonnette etui - Schutzh\u00fclle aus weichem Velours f\u00fcr Ihre Baby's M\u00fctze","og_url":"https:\/\/babysbonnette.com\/de\/produit\/babys-bonnette-etui\/","og_site_name":"Baby's Bonnette","article_modified_time":"2024-04-04T11:19:31+00:00","og_image":[{"width":1840,"height":2259,"url":"https:\/\/babysbonnette.com\/wp-content\/uploads\/2024\/04\/etuit-e1712065053905.jpg","type":"image\/jpeg"}],"twitter_card":"summary_large_image","twitter_misc":{"Gesch\u00e4tzte Lesezeit":"1\u00a0Minute"},"schema":{"@context":"https:\/\/schema.org","@graph":[{"@type":"WebPage","@id":"https:\/\/babysbonnette.com\/de\/produit\/babys-bonnette-etui\/","url":"https:\/\/babysbonnette.com\/de\/produit\/babys-bonnette-etui\/","name":"Baby's Bonnette etui - Baby's Bonnette","isPartOf":{"@id":"https:\/\/babysbonnette.com\/de\/#website"},"primaryImageOfPage":{"@id":"https:\/\/babysbonnette.com\/de\/produit\/babys-bonnette-etui\/#primaryimage"},"image":{"@id":"https:\/\/babysbonnette.com\/de\/produit\/babys-bonnette-etui\/#primaryimage"},"thumbnailUrl":"https:\/\/babysbonnette.com\/wp-content\/uploads\/2024\/01\/etuit-1-scaled.jpg","datePublished":"2024-01-25T10:37:27+00:00","dateModified":"2024-04-04T11:19:31+00:00","description":"Baby's Bonnette etui - Schutzh\u00fclle aus weichem Velours f\u00fcr Ihre Baby's M\u00fctze","breadcrumb":{"@id":"https:\/\/babysbonnette.com\/de\/produit\/babys-bonnette-etui\/#breadcrumb"},"inLanguage":"de","potentialAction":[{"@type":"ReadAction","target":["https:\/\/babysbonnette.com\/de\/produit\/babys-bonnette-etui\/"]}]},{"@type":"ImageObject","inLanguage":"de","@id":"https:\/\/babysbonnette.com\/de\/produit\/babys-bonnette-etui\/#primaryimage","url":"https:\/\/babysbonnette.com\/wp-content\/uploads\/2024\/01\/etuit-1-scaled.jpg","contentUrl":"https:\/\/babysbonnette.com\/wp-content\/uploads\/2024\/01\/etuit-1-scaled.jpg","width":1661,"height":2560},{"@type":"BreadcrumbList","@id":"https:\/\/babysbonnette.com\/de\/produit\/babys-bonnette-etui\/#breadcrumb","itemListElement":[{"@type":"ListItem","position":1,"name":"Home","item":"https:\/\/babysbonnette.com\/de\/"},{"@type":"ListItem","position":2,"name":"Shop","item":"https:\/\/babysbonnette.com\/de\/shop\/"},{"@type":"ListItem","position":3,"name":"Baby&#8217;s Bonnette etui"}]},{"@type":"WebSite","@id":"https:\/\/babysbonnette.com\/de\/#website","url":"https:\/\/babysbonnette.com\/de\/","name":"Baby's Bonnette","description":"Le bonnet anti-retournement d&rsquo;oreilles est une solution pour maintenir efficacement les oreilles de b&eacute;b&eacute; pendant son sommeil. Ce bonnet plaque en douceur les oreilles de l&rsquo;enfant et les emp&ecirc;che ainsi de se retourner et de se plier. Cette astuce permet d&rsquo;&eacute;viter aux nourrissons d&rsquo;avoir les oreilles d&eacute;coll&eacute;es.","publisher":{"@id":"https:\/\/babysbonnette.com\/de\/#organization"},"potentialAction":[{"@type":"SearchAction","target":{"@type":"EntryPoint","urlTemplate":"https:\/\/babysbonnette.com\/de\/?s={search_term_string}"},"query-input":{"@type":"PropertyValueSpecification","valueRequired":true,"valueName":"search_term_string"}}],"inLanguage":"de"},{"@type":"Organization","@id":"https:\/\/babysbonnette.com\/de\/#organization","name":"Baby's Bonnette","url":"https:\/\/babysbonnette.com\/de\/","logo":{"@type":"ImageObject","inLanguage":"de","@id":"https:\/\/babysbonnette.com\/de\/#\/schema\/logo\/image\/","url":"https:\/\/babysbonnette.com\/wp-content\/uploads\/2023\/11\/logo-2.png","contentUrl":"https:\/\/babysbonnette.com\/wp-content\/uploads\/2023\/11\/logo-2.png","width":260,"height":150,"caption":"Baby's Bonnette"},"image":{"@id":"https:\/\/babysbonnette.com\/de\/#\/schema\/logo\/image\/"},"sameAs":["https:\/\/www.instagram.com\/babys_bonnette\/"]}]}},"_links":{"self":[{"href":"https:\/\/babysbonnette.com\/de\/wp-json\/wp\/v2\/product\/6500","targetHints":{"allow":["GET"]}}],"collection":[{"href":"https:\/\/babysbonnette.com\/de\/wp-json\/wp\/v2\/product"}],"about":[{"href":"https:\/\/babysbonnette.com\/de\/wp-json\/wp\/v2\/types\/product"}],"wp:featuredmedia":[{"embeddable":true,"href":"https:\/\/babysbonnette.com\/de\/wp-json\/wp\/v2\/media\/7644"}],"wp:attachment":[{"href":"https:\/\/babysbonnette.com\/de\/wp-json\/wp\/v2\/media?parent=6500"}],"wp:term":[{"taxonomy":"product_brand","embeddable":true,"href":"https:\/\/babysbonnette.com\/de\/wp-json\/wp\/v2\/product_brand?post=6500"},{"taxonomy":"product_cat","embeddable":true,"href":"https:\/\/babysbonnette.com\/de\/wp-json\/wp\/v2\/product_cat?post=6500"},{"taxonomy":"product_tag","embeddable":true,"href":"https:\/\/babysbonnette.com\/de\/wp-json\/wp\/v2\/product_tag?post=6500"}],"curies":[{"name":"wp","href":"https:\/\/api.w.org\/{rel}","templated":true}]}}