{"id":6496,"date":"2024-01-25T11:37:05","date_gmt":"2024-01-25T10:37:05","guid":{"rendered":"https:\/\/babysbonnette.com\/?post_type=product&#038;p=6496"},"modified":"2024-04-03T06:47:08","modified_gmt":"2024-04-03T05:47:08","slug":"set-mit-2-hueten","status":"publish","type":"product","link":"https:\/\/babysbonnette.com\/de\/produit\/set-mit-2-hueten\/","title":{"rendered":"Set mit 2 H\u00fcten"},"content":{"rendered":"<p>Noch praktischer ist es, wenn Sie einen zus\u00e4tzlichen Hut mitbringen, den Sie sp\u00e4ter verwenden k\u00f6nnen, w\u00e4hrend der andere Hut trocknet.<\/p>\n","protected":false},"excerpt":{"rendered":"<p>M\u00fctzen aus ultradehnbarem Netzmaterial, das die Ohren Ihres Babys anliegend h\u00e4lt.<\/p>\n","protected":false},"featured_media":5564,"template":"","meta":{"_eb_attr":""},"product_brand":[],"product_cat":[45],"product_tag":[],"class_list":{"0":"post-6496","1":"product","2":"type-product","3":"status-publish","4":"has-post-thumbnail","6":"product_cat-mutze","8":"first","9":"instock","10":"sale","11":"shipping-taxable","12":"purchasable","13":"product-type-simple"},"yoast_head":"<!-- This site is optimized with the Yoast SEO plugin v27.2 - https:\/\/yoast.com\/product\/yoast-seo-wordpress\/ -->\n<title>Set mit 2 H\u00fcten - Baby&#039;s Bonnette<\/title>\n<meta name=\"description\" content=\"Set mit 2 H\u00fcten - Noch praktischer ist es, wenn Sie einen zus\u00e4tzlichen Hut mitbringen, den Sie sp\u00e4ter verwenden k\u00f6nnen, w\u00e4hrend der andere Hut trocknet.\" \/>\n<meta name=\"robots\" content=\"index, follow, max-snippet:-1, max-image-preview:large, max-video-preview:-1\" \/>\n<link rel=\"canonical\" href=\"https:\/\/babysbonnette.com\/de\/produit\/set-mit-2-hueten\/\" \/>\n<meta property=\"og:locale\" content=\"de_DE\" \/>\n<meta property=\"og:type\" content=\"article\" \/>\n<meta property=\"og:title\" content=\"Set mit 2 H\u00fcten - Baby&#039;s Bonnette\" \/>\n<meta property=\"og:description\" content=\"Set mit 2 H\u00fcten - Noch praktischer ist es, wenn Sie einen zus\u00e4tzlichen Hut mitbringen, den Sie sp\u00e4ter verwenden k\u00f6nnen, w\u00e4hrend der andere Hut trocknet.\" \/>\n<meta property=\"og:url\" content=\"https:\/\/babysbonnette.com\/de\/produit\/set-mit-2-hueten\/\" \/>\n<meta property=\"og:site_name\" content=\"Baby&#039;s Bonnette\" \/>\n<meta property=\"article:modified_time\" content=\"2024-04-03T05:47:08+00:00\" \/>\n<meta property=\"og:image\" content=\"https:\/\/babysbonnette.com\/wp-content\/uploads\/2024\/01\/lot-bonnets-babys-bonnette-bonnet-enfant-promo-bis-FR.png\" \/>\n\t<meta property=\"og:image:width\" content=\"768\" \/>\n\t<meta property=\"og:image:height\" content=\"795\" \/>\n\t<meta property=\"og:image:type\" content=\"image\/png\" \/>\n<meta name=\"twitter:card\" content=\"summary_large_image\" \/>\n<meta name=\"twitter:label1\" content=\"Gesch\u00e4tzte Lesezeit\" \/>\n\t<meta name=\"twitter:data1\" content=\"1\u00a0Minute\" \/>\n<script type=\"application\/ld+json\" class=\"yoast-schema-graph\">{\"@context\":\"https:\/\/schema.org\",\"@graph\":[{\"@type\":\"WebPage\",\"@id\":\"https:\/\/babysbonnette.com\/de\/produit\/set-mit-2-hueten\/\",\"url\":\"https:\/\/babysbonnette.com\/de\/produit\/set-mit-2-hueten\/\",\"name\":\"Set mit 2 H\u00fcten - Baby's Bonnette\",\"isPartOf\":{\"@id\":\"https:\/\/babysbonnette.com\/de\/#website\"},\"primaryImageOfPage\":{\"@id\":\"https:\/\/babysbonnette.com\/de\/produit\/set-mit-2-hueten\/#primaryimage\"},\"image\":{\"@id\":\"https:\/\/babysbonnette.com\/de\/produit\/set-mit-2-hueten\/#primaryimage\"},\"thumbnailUrl\":\"https:\/\/babysbonnette.com\/wp-content\/uploads\/2024\/01\/lot-bonnets-babys-bonnette-bonnet-enfant-promo-bis-FR.png\",\"datePublished\":\"2024-01-25T10:37:05+00:00\",\"dateModified\":\"2024-04-03T05:47:08+00:00\",\"description\":\"Set mit 2 H\u00fcten - Noch praktischer ist es, wenn Sie einen zus\u00e4tzlichen Hut mitbringen, den Sie sp\u00e4ter verwenden k\u00f6nnen, w\u00e4hrend der andere Hut trocknet.\",\"breadcrumb\":{\"@id\":\"https:\/\/babysbonnette.com\/de\/produit\/set-mit-2-hueten\/#breadcrumb\"},\"inLanguage\":\"de\",\"potentialAction\":[{\"@type\":\"ReadAction\",\"target\":[\"https:\/\/babysbonnette.com\/de\/produit\/set-mit-2-hueten\/\"]}]},{\"@type\":\"ImageObject\",\"inLanguage\":\"de\",\"@id\":\"https:\/\/babysbonnette.com\/de\/produit\/set-mit-2-hueten\/#primaryimage\",\"url\":\"https:\/\/babysbonnette.com\/wp-content\/uploads\/2024\/01\/lot-bonnets-babys-bonnette-bonnet-enfant-promo-bis-FR.png\",\"contentUrl\":\"https:\/\/babysbonnette.com\/wp-content\/uploads\/2024\/01\/lot-bonnets-babys-bonnette-bonnet-enfant-promo-bis-FR.png\",\"width\":768,\"height\":795},{\"@type\":\"BreadcrumbList\",\"@id\":\"https:\/\/babysbonnette.com\/de\/produit\/set-mit-2-hueten\/#breadcrumb\",\"itemListElement\":[{\"@type\":\"ListItem\",\"position\":1,\"name\":\"Home\",\"item\":\"https:\/\/babysbonnette.com\/de\/\"},{\"@type\":\"ListItem\",\"position\":2,\"name\":\"Shop\",\"item\":\"https:\/\/babysbonnette.com\/de\/shop\/\"},{\"@type\":\"ListItem\",\"position\":3,\"name\":\"Set mit 2 H\u00fcten\"}]},{\"@type\":\"WebSite\",\"@id\":\"https:\/\/babysbonnette.com\/de\/#website\",\"url\":\"https:\/\/babysbonnette.com\/de\/\",\"name\":\"Baby's Bonnette\",\"description\":\"Le bonnet anti-retournement d&rsquo;oreilles est une solution pour maintenir efficacement les oreilles de b&eacute;b&eacute; pendant son sommeil. Ce bonnet plaque en douceur les oreilles de l&rsquo;enfant et les emp&ecirc;che ainsi de se retourner et de se plier. Cette astuce permet d&rsquo;&eacute;viter aux nourrissons d&rsquo;avoir les oreilles d&eacute;coll&eacute;es.\",\"publisher\":{\"@id\":\"https:\/\/babysbonnette.com\/de\/#organization\"},\"potentialAction\":[{\"@type\":\"SearchAction\",\"target\":{\"@type\":\"EntryPoint\",\"urlTemplate\":\"https:\/\/babysbonnette.com\/de\/?s={search_term_string}\"},\"query-input\":{\"@type\":\"PropertyValueSpecification\",\"valueRequired\":true,\"valueName\":\"search_term_string\"}}],\"inLanguage\":\"de\"},{\"@type\":\"Organization\",\"@id\":\"https:\/\/babysbonnette.com\/de\/#organization\",\"name\":\"Baby's Bonnette\",\"url\":\"https:\/\/babysbonnette.com\/de\/\",\"logo\":{\"@type\":\"ImageObject\",\"inLanguage\":\"de\",\"@id\":\"https:\/\/babysbonnette.com\/de\/#\/schema\/logo\/image\/\",\"url\":\"https:\/\/babysbonnette.com\/wp-content\/uploads\/2023\/11\/logo-2.png\",\"contentUrl\":\"https:\/\/babysbonnette.com\/wp-content\/uploads\/2023\/11\/logo-2.png\",\"width\":260,\"height\":150,\"caption\":\"Baby's Bonnette\"},\"image\":{\"@id\":\"https:\/\/babysbonnette.com\/de\/#\/schema\/logo\/image\/\"},\"sameAs\":[\"https:\/\/www.instagram.com\/babys_bonnette\/\"]}]}<\/script>\n<!-- \/ Yoast SEO plugin. -->","yoast_head_json":{"title":"Set mit 2 H\u00fcten - Baby's Bonnette","description":"Set mit 2 H\u00fcten - Noch praktischer ist es, wenn Sie einen zus\u00e4tzlichen Hut mitbringen, den Sie sp\u00e4ter verwenden k\u00f6nnen, w\u00e4hrend der andere Hut trocknet.","robots":{"index":"index","follow":"follow","max-snippet":"max-snippet:-1","max-image-preview":"max-image-preview:large","max-video-preview":"max-video-preview:-1"},"canonical":"https:\/\/babysbonnette.com\/de\/produit\/set-mit-2-hueten\/","og_locale":"de_DE","og_type":"article","og_title":"Set mit 2 H\u00fcten - Baby's Bonnette","og_description":"Set mit 2 H\u00fcten - Noch praktischer ist es, wenn Sie einen zus\u00e4tzlichen Hut mitbringen, den Sie sp\u00e4ter verwenden k\u00f6nnen, w\u00e4hrend der andere Hut trocknet.","og_url":"https:\/\/babysbonnette.com\/de\/produit\/set-mit-2-hueten\/","og_site_name":"Baby's Bonnette","article_modified_time":"2024-04-03T05:47:08+00:00","og_image":[{"width":768,"height":795,"url":"https:\/\/babysbonnette.com\/wp-content\/uploads\/2024\/01\/lot-bonnets-babys-bonnette-bonnet-enfant-promo-bis-FR.png","type":"image\/png"}],"twitter_card":"summary_large_image","twitter_misc":{"Gesch\u00e4tzte Lesezeit":"1\u00a0Minute"},"schema":{"@context":"https:\/\/schema.org","@graph":[{"@type":"WebPage","@id":"https:\/\/babysbonnette.com\/de\/produit\/set-mit-2-hueten\/","url":"https:\/\/babysbonnette.com\/de\/produit\/set-mit-2-hueten\/","name":"Set mit 2 H\u00fcten - Baby's Bonnette","isPartOf":{"@id":"https:\/\/babysbonnette.com\/de\/#website"},"primaryImageOfPage":{"@id":"https:\/\/babysbonnette.com\/de\/produit\/set-mit-2-hueten\/#primaryimage"},"image":{"@id":"https:\/\/babysbonnette.com\/de\/produit\/set-mit-2-hueten\/#primaryimage"},"thumbnailUrl":"https:\/\/babysbonnette.com\/wp-content\/uploads\/2024\/01\/lot-bonnets-babys-bonnette-bonnet-enfant-promo-bis-FR.png","datePublished":"2024-01-25T10:37:05+00:00","dateModified":"2024-04-03T05:47:08+00:00","description":"Set mit 2 H\u00fcten - Noch praktischer ist es, wenn Sie einen zus\u00e4tzlichen Hut mitbringen, den Sie sp\u00e4ter verwenden k\u00f6nnen, w\u00e4hrend der andere Hut trocknet.","breadcrumb":{"@id":"https:\/\/babysbonnette.com\/de\/produit\/set-mit-2-hueten\/#breadcrumb"},"inLanguage":"de","potentialAction":[{"@type":"ReadAction","target":["https:\/\/babysbonnette.com\/de\/produit\/set-mit-2-hueten\/"]}]},{"@type":"ImageObject","inLanguage":"de","@id":"https:\/\/babysbonnette.com\/de\/produit\/set-mit-2-hueten\/#primaryimage","url":"https:\/\/babysbonnette.com\/wp-content\/uploads\/2024\/01\/lot-bonnets-babys-bonnette-bonnet-enfant-promo-bis-FR.png","contentUrl":"https:\/\/babysbonnette.com\/wp-content\/uploads\/2024\/01\/lot-bonnets-babys-bonnette-bonnet-enfant-promo-bis-FR.png","width":768,"height":795},{"@type":"BreadcrumbList","@id":"https:\/\/babysbonnette.com\/de\/produit\/set-mit-2-hueten\/#breadcrumb","itemListElement":[{"@type":"ListItem","position":1,"name":"Home","item":"https:\/\/babysbonnette.com\/de\/"},{"@type":"ListItem","position":2,"name":"Shop","item":"https:\/\/babysbonnette.com\/de\/shop\/"},{"@type":"ListItem","position":3,"name":"Set mit 2 H\u00fcten"}]},{"@type":"WebSite","@id":"https:\/\/babysbonnette.com\/de\/#website","url":"https:\/\/babysbonnette.com\/de\/","name":"Baby's Bonnette","description":"Le bonnet anti-retournement d&rsquo;oreilles est une solution pour maintenir efficacement les oreilles de b&eacute;b&eacute; pendant son sommeil. Ce bonnet plaque en douceur les oreilles de l&rsquo;enfant et les emp&ecirc;che ainsi de se retourner et de se plier. Cette astuce permet d&rsquo;&eacute;viter aux nourrissons d&rsquo;avoir les oreilles d&eacute;coll&eacute;es.","publisher":{"@id":"https:\/\/babysbonnette.com\/de\/#organization"},"potentialAction":[{"@type":"SearchAction","target":{"@type":"EntryPoint","urlTemplate":"https:\/\/babysbonnette.com\/de\/?s={search_term_string}"},"query-input":{"@type":"PropertyValueSpecification","valueRequired":true,"valueName":"search_term_string"}}],"inLanguage":"de"},{"@type":"Organization","@id":"https:\/\/babysbonnette.com\/de\/#organization","name":"Baby's Bonnette","url":"https:\/\/babysbonnette.com\/de\/","logo":{"@type":"ImageObject","inLanguage":"de","@id":"https:\/\/babysbonnette.com\/de\/#\/schema\/logo\/image\/","url":"https:\/\/babysbonnette.com\/wp-content\/uploads\/2023\/11\/logo-2.png","contentUrl":"https:\/\/babysbonnette.com\/wp-content\/uploads\/2023\/11\/logo-2.png","width":260,"height":150,"caption":"Baby's Bonnette"},"image":{"@id":"https:\/\/babysbonnette.com\/de\/#\/schema\/logo\/image\/"},"sameAs":["https:\/\/www.instagram.com\/babys_bonnette\/"]}]}},"_links":{"self":[{"href":"https:\/\/babysbonnette.com\/de\/wp-json\/wp\/v2\/product\/6496","targetHints":{"allow":["GET"]}}],"collection":[{"href":"https:\/\/babysbonnette.com\/de\/wp-json\/wp\/v2\/product"}],"about":[{"href":"https:\/\/babysbonnette.com\/de\/wp-json\/wp\/v2\/types\/product"}],"wp:featuredmedia":[{"embeddable":true,"href":"https:\/\/babysbonnette.com\/de\/wp-json\/wp\/v2\/media\/5564"}],"wp:attachment":[{"href":"https:\/\/babysbonnette.com\/de\/wp-json\/wp\/v2\/media?parent=6496"}],"wp:term":[{"taxonomy":"product_brand","embeddable":true,"href":"https:\/\/babysbonnette.com\/de\/wp-json\/wp\/v2\/product_brand?post=6496"},{"taxonomy":"product_cat","embeddable":true,"href":"https:\/\/babysbonnette.com\/de\/wp-json\/wp\/v2\/product_cat?post=6496"},{"taxonomy":"product_tag","embeddable":true,"href":"https:\/\/babysbonnette.com\/de\/wp-json\/wp\/v2\/product_tag?post=6496"}],"curies":[{"name":"wp","href":"https:\/\/api.w.org\/{rel}","templated":true}]}}