{"id":2742,"date":"2023-11-22T23:53:55","date_gmt":"2023-11-22T22:53:55","guid":{"rendered":"https:\/\/babysbonnette.com\/produit\/babys-bonnette-naturfarben\/"},"modified":"2024-04-03T07:03:18","modified_gmt":"2024-04-03T06:03:18","slug":"haeubchen-naturfarben","status":"publish","type":"product","link":"https:\/\/babysbonnette.com\/de\/produit\/haeubchen-naturfarben\/","title":{"rendered":"H\u00e4ubchen Naturfarben"},"content":{"rendered":"\r\n<p>Speziell entwickelt und entworfen, um die Ohren des Babys sanft zu verputzen, mit ungebleichten Tr\u00e4gern und Band.<\/p>\r\n\r\n\r\n\r\n<p>Die ungebleichte Farbe hat einen direkten Bezug zur Natur. Es ist ein leuchtender Farbton in der N\u00e4he von Wei\u00df und wird sehr gesch\u00e4tzt, weil er Ruhe, Gelassenheit, Einfachheit und Harmonie symbolisiert.<\/p>\r\n","protected":false},"excerpt":{"rendered":"<p><strong><strong>Ultra dehnbares H\u00e4ubchen, das die Ohren Ihres Babys plattiert h\u00e4lt<\/strong>.<\/strong><\/p>\n","protected":false},"featured_media":2143,"template":"","meta":{"_eb_attr":""},"product_brand":[],"product_cat":[45],"product_tag":[],"class_list":{"0":"post-2742","1":"product","2":"type-product","3":"status-publish","4":"has-post-thumbnail","6":"product_cat-mutze","8":"first","9":"instock","10":"shipping-taxable","11":"purchasable","12":"product-type-simple"},"yoast_head":"<!-- This site is optimized with the Yoast SEO plugin v27.2 - https:\/\/yoast.com\/product\/yoast-seo-wordpress\/ -->\n<title>H\u00e4ubchen Naturfarben - Baby&#039;s Bonnette<\/title>\n<meta name=\"description\" content=\"H\u00e4ubchen Naturfarben - Speziell entwickelt und entworfen, um die Ohren des Babys sanft zu verputzen, mit ungebleichten Tr\u00e4gern und Band.\" \/>\n<meta name=\"robots\" content=\"index, follow, max-snippet:-1, max-image-preview:large, max-video-preview:-1\" \/>\n<link rel=\"canonical\" href=\"https:\/\/babysbonnette.com\/de\/produit\/haeubchen-naturfarben\/\" \/>\n<meta property=\"og:locale\" content=\"de_DE\" \/>\n<meta property=\"og:type\" content=\"article\" \/>\n<meta property=\"og:title\" content=\"H\u00e4ubchen Naturfarben - Baby&#039;s Bonnette\" \/>\n<meta property=\"og:description\" content=\"H\u00e4ubchen Naturfarben - Speziell entwickelt und entworfen, um die Ohren des Babys sanft zu verputzen, mit ungebleichten Tr\u00e4gern und Band.\" \/>\n<meta property=\"og:url\" content=\"https:\/\/babysbonnette.com\/de\/produit\/haeubchen-naturfarben\/\" \/>\n<meta property=\"og:site_name\" content=\"Baby&#039;s Bonnette\" \/>\n<meta property=\"article:modified_time\" content=\"2024-04-03T06:03:18+00:00\" \/>\n<meta property=\"og:image\" content=\"https:\/\/babysbonnette.com\/wp-content\/uploads\/2023\/11\/ecru-Babys-Bonnette-3.jpg\" \/>\n\t<meta property=\"og:image:width\" content=\"1000\" \/>\n\t<meta property=\"og:image:height\" content=\"1000\" \/>\n\t<meta property=\"og:image:type\" content=\"image\/jpeg\" \/>\n<meta name=\"twitter:card\" content=\"summary_large_image\" \/>\n<meta name=\"twitter:label1\" content=\"Gesch\u00e4tzte Lesezeit\" \/>\n\t<meta name=\"twitter:data1\" content=\"1\u00a0Minute\" \/>\n<script type=\"application\/ld+json\" class=\"yoast-schema-graph\">{\"@context\":\"https:\/\/schema.org\",\"@graph\":[{\"@type\":\"WebPage\",\"@id\":\"https:\/\/babysbonnette.com\/de\/produit\/haeubchen-naturfarben\/\",\"url\":\"https:\/\/babysbonnette.com\/de\/produit\/haeubchen-naturfarben\/\",\"name\":\"H\u00e4ubchen Naturfarben - Baby's Bonnette\",\"isPartOf\":{\"@id\":\"https:\/\/babysbonnette.com\/de\/#website\"},\"primaryImageOfPage\":{\"@id\":\"https:\/\/babysbonnette.com\/de\/produit\/haeubchen-naturfarben\/#primaryimage\"},\"image\":{\"@id\":\"https:\/\/babysbonnette.com\/de\/produit\/haeubchen-naturfarben\/#primaryimage\"},\"thumbnailUrl\":\"https:\/\/babysbonnette.com\/wp-content\/uploads\/2023\/11\/ecru-Babys-Bonnette-3.jpg\",\"datePublished\":\"2023-11-22T22:53:55+00:00\",\"dateModified\":\"2024-04-03T06:03:18+00:00\",\"description\":\"H\u00e4ubchen Naturfarben - Speziell entwickelt und entworfen, um die Ohren des Babys sanft zu verputzen, mit ungebleichten Tr\u00e4gern und Band.\",\"breadcrumb\":{\"@id\":\"https:\/\/babysbonnette.com\/de\/produit\/haeubchen-naturfarben\/#breadcrumb\"},\"inLanguage\":\"de\",\"potentialAction\":[{\"@type\":\"ReadAction\",\"target\":[\"https:\/\/babysbonnette.com\/de\/produit\/haeubchen-naturfarben\/\"]}]},{\"@type\":\"ImageObject\",\"inLanguage\":\"de\",\"@id\":\"https:\/\/babysbonnette.com\/de\/produit\/haeubchen-naturfarben\/#primaryimage\",\"url\":\"https:\/\/babysbonnette.com\/wp-content\/uploads\/2023\/11\/ecru-Babys-Bonnette-3.jpg\",\"contentUrl\":\"https:\/\/babysbonnette.com\/wp-content\/uploads\/2023\/11\/ecru-Babys-Bonnette-3.jpg\",\"width\":1000,\"height\":1000},{\"@type\":\"BreadcrumbList\",\"@id\":\"https:\/\/babysbonnette.com\/de\/produit\/haeubchen-naturfarben\/#breadcrumb\",\"itemListElement\":[{\"@type\":\"ListItem\",\"position\":1,\"name\":\"Home\",\"item\":\"https:\/\/babysbonnette.com\/de\/\"},{\"@type\":\"ListItem\",\"position\":2,\"name\":\"Shop\",\"item\":\"https:\/\/babysbonnette.com\/de\/shop\/\"},{\"@type\":\"ListItem\",\"position\":3,\"name\":\"H\u00e4ubchen Naturfarben\"}]},{\"@type\":\"WebSite\",\"@id\":\"https:\/\/babysbonnette.com\/de\/#website\",\"url\":\"https:\/\/babysbonnette.com\/de\/\",\"name\":\"Baby's Bonnette\",\"description\":\"Le bonnet anti-retournement d&rsquo;oreilles est une solution pour maintenir efficacement les oreilles de b&eacute;b&eacute; pendant son sommeil. Ce bonnet plaque en douceur les oreilles de l&rsquo;enfant et les emp&ecirc;che ainsi de se retourner et de se plier. Cette astuce permet d&rsquo;&eacute;viter aux nourrissons d&rsquo;avoir les oreilles d&eacute;coll&eacute;es.\",\"publisher\":{\"@id\":\"https:\/\/babysbonnette.com\/de\/#organization\"},\"potentialAction\":[{\"@type\":\"SearchAction\",\"target\":{\"@type\":\"EntryPoint\",\"urlTemplate\":\"https:\/\/babysbonnette.com\/de\/?s={search_term_string}\"},\"query-input\":{\"@type\":\"PropertyValueSpecification\",\"valueRequired\":true,\"valueName\":\"search_term_string\"}}],\"inLanguage\":\"de\"},{\"@type\":\"Organization\",\"@id\":\"https:\/\/babysbonnette.com\/de\/#organization\",\"name\":\"Baby's Bonnette\",\"url\":\"https:\/\/babysbonnette.com\/de\/\",\"logo\":{\"@type\":\"ImageObject\",\"inLanguage\":\"de\",\"@id\":\"https:\/\/babysbonnette.com\/de\/#\/schema\/logo\/image\/\",\"url\":\"https:\/\/babysbonnette.com\/wp-content\/uploads\/2023\/11\/logo-2.png\",\"contentUrl\":\"https:\/\/babysbonnette.com\/wp-content\/uploads\/2023\/11\/logo-2.png\",\"width\":260,\"height\":150,\"caption\":\"Baby's Bonnette\"},\"image\":{\"@id\":\"https:\/\/babysbonnette.com\/de\/#\/schema\/logo\/image\/\"},\"sameAs\":[\"https:\/\/www.instagram.com\/babys_bonnette\/\"]}]}<\/script>\n<!-- \/ Yoast SEO plugin. -->","yoast_head_json":{"title":"H\u00e4ubchen Naturfarben - Baby's Bonnette","description":"H\u00e4ubchen Naturfarben - Speziell entwickelt und entworfen, um die Ohren des Babys sanft zu verputzen, mit ungebleichten Tr\u00e4gern und Band.","robots":{"index":"index","follow":"follow","max-snippet":"max-snippet:-1","max-image-preview":"max-image-preview:large","max-video-preview":"max-video-preview:-1"},"canonical":"https:\/\/babysbonnette.com\/de\/produit\/haeubchen-naturfarben\/","og_locale":"de_DE","og_type":"article","og_title":"H\u00e4ubchen Naturfarben - Baby's Bonnette","og_description":"H\u00e4ubchen Naturfarben - Speziell entwickelt und entworfen, um die Ohren des Babys sanft zu verputzen, mit ungebleichten Tr\u00e4gern und Band.","og_url":"https:\/\/babysbonnette.com\/de\/produit\/haeubchen-naturfarben\/","og_site_name":"Baby's Bonnette","article_modified_time":"2024-04-03T06:03:18+00:00","og_image":[{"width":1000,"height":1000,"url":"https:\/\/babysbonnette.com\/wp-content\/uploads\/2023\/11\/ecru-Babys-Bonnette-3.jpg","type":"image\/jpeg"}],"twitter_card":"summary_large_image","twitter_misc":{"Gesch\u00e4tzte Lesezeit":"1\u00a0Minute"},"schema":{"@context":"https:\/\/schema.org","@graph":[{"@type":"WebPage","@id":"https:\/\/babysbonnette.com\/de\/produit\/haeubchen-naturfarben\/","url":"https:\/\/babysbonnette.com\/de\/produit\/haeubchen-naturfarben\/","name":"H\u00e4ubchen Naturfarben - Baby's Bonnette","isPartOf":{"@id":"https:\/\/babysbonnette.com\/de\/#website"},"primaryImageOfPage":{"@id":"https:\/\/babysbonnette.com\/de\/produit\/haeubchen-naturfarben\/#primaryimage"},"image":{"@id":"https:\/\/babysbonnette.com\/de\/produit\/haeubchen-naturfarben\/#primaryimage"},"thumbnailUrl":"https:\/\/babysbonnette.com\/wp-content\/uploads\/2023\/11\/ecru-Babys-Bonnette-3.jpg","datePublished":"2023-11-22T22:53:55+00:00","dateModified":"2024-04-03T06:03:18+00:00","description":"H\u00e4ubchen Naturfarben - Speziell entwickelt und entworfen, um die Ohren des Babys sanft zu verputzen, mit ungebleichten Tr\u00e4gern und Band.","breadcrumb":{"@id":"https:\/\/babysbonnette.com\/de\/produit\/haeubchen-naturfarben\/#breadcrumb"},"inLanguage":"de","potentialAction":[{"@type":"ReadAction","target":["https:\/\/babysbonnette.com\/de\/produit\/haeubchen-naturfarben\/"]}]},{"@type":"ImageObject","inLanguage":"de","@id":"https:\/\/babysbonnette.com\/de\/produit\/haeubchen-naturfarben\/#primaryimage","url":"https:\/\/babysbonnette.com\/wp-content\/uploads\/2023\/11\/ecru-Babys-Bonnette-3.jpg","contentUrl":"https:\/\/babysbonnette.com\/wp-content\/uploads\/2023\/11\/ecru-Babys-Bonnette-3.jpg","width":1000,"height":1000},{"@type":"BreadcrumbList","@id":"https:\/\/babysbonnette.com\/de\/produit\/haeubchen-naturfarben\/#breadcrumb","itemListElement":[{"@type":"ListItem","position":1,"name":"Home","item":"https:\/\/babysbonnette.com\/de\/"},{"@type":"ListItem","position":2,"name":"Shop","item":"https:\/\/babysbonnette.com\/de\/shop\/"},{"@type":"ListItem","position":3,"name":"H\u00e4ubchen Naturfarben"}]},{"@type":"WebSite","@id":"https:\/\/babysbonnette.com\/de\/#website","url":"https:\/\/babysbonnette.com\/de\/","name":"Baby's Bonnette","description":"Le bonnet anti-retournement d&rsquo;oreilles est une solution pour maintenir efficacement les oreilles de b&eacute;b&eacute; pendant son sommeil. Ce bonnet plaque en douceur les oreilles de l&rsquo;enfant et les emp&ecirc;che ainsi de se retourner et de se plier. Cette astuce permet d&rsquo;&eacute;viter aux nourrissons d&rsquo;avoir les oreilles d&eacute;coll&eacute;es.","publisher":{"@id":"https:\/\/babysbonnette.com\/de\/#organization"},"potentialAction":[{"@type":"SearchAction","target":{"@type":"EntryPoint","urlTemplate":"https:\/\/babysbonnette.com\/de\/?s={search_term_string}"},"query-input":{"@type":"PropertyValueSpecification","valueRequired":true,"valueName":"search_term_string"}}],"inLanguage":"de"},{"@type":"Organization","@id":"https:\/\/babysbonnette.com\/de\/#organization","name":"Baby's Bonnette","url":"https:\/\/babysbonnette.com\/de\/","logo":{"@type":"ImageObject","inLanguage":"de","@id":"https:\/\/babysbonnette.com\/de\/#\/schema\/logo\/image\/","url":"https:\/\/babysbonnette.com\/wp-content\/uploads\/2023\/11\/logo-2.png","contentUrl":"https:\/\/babysbonnette.com\/wp-content\/uploads\/2023\/11\/logo-2.png","width":260,"height":150,"caption":"Baby's Bonnette"},"image":{"@id":"https:\/\/babysbonnette.com\/de\/#\/schema\/logo\/image\/"},"sameAs":["https:\/\/www.instagram.com\/babys_bonnette\/"]}]}},"_links":{"self":[{"href":"https:\/\/babysbonnette.com\/de\/wp-json\/wp\/v2\/product\/2742","targetHints":{"allow":["GET"]}}],"collection":[{"href":"https:\/\/babysbonnette.com\/de\/wp-json\/wp\/v2\/product"}],"about":[{"href":"https:\/\/babysbonnette.com\/de\/wp-json\/wp\/v2\/types\/product"}],"wp:featuredmedia":[{"embeddable":true,"href":"https:\/\/babysbonnette.com\/de\/wp-json\/wp\/v2\/media\/2143"}],"wp:attachment":[{"href":"https:\/\/babysbonnette.com\/de\/wp-json\/wp\/v2\/media?parent=2742"}],"wp:term":[{"taxonomy":"product_brand","embeddable":true,"href":"https:\/\/babysbonnette.com\/de\/wp-json\/wp\/v2\/product_brand?post=2742"},{"taxonomy":"product_cat","embeddable":true,"href":"https:\/\/babysbonnette.com\/de\/wp-json\/wp\/v2\/product_cat?post=2742"},{"taxonomy":"product_tag","embeddable":true,"href":"https:\/\/babysbonnette.com\/de\/wp-json\/wp\/v2\/product_tag?post=2742"}],"curies":[{"name":"wp","href":"https:\/\/api.w.org\/{rel}","templated":true}]}}