{"id":2477,"date":"2023-12-06T17:03:31","date_gmt":"2023-12-06T16:03:31","guid":{"rendered":"https:\/\/babysbonnette.com\/produit\/babys-muetze-knospengruen\/"},"modified":"2024-04-03T06:56:16","modified_gmt":"2024-04-03T05:56:16","slug":"haeubchen-muetze-knospengruen","status":"publish","type":"product","link":"https:\/\/babysbonnette.com\/de\/produit\/haeubchen-muetze-knospengruen\/","title":{"rendered":"H\u00e4ubchen Knospengr\u00fcn"},"content":{"rendered":"\r\n<p>Hergestellt aus einem ultraweichen Material, dieses H\u00e4ubchen tr\u00e4gt mit Streifen und Band in knospengr\u00fcner Farbe dazu bei, da\u00df die Ohren glatt plattiert bleiben. Gr\u00fcn ist die Farbe, die die Natur am besten repr\u00e4sentiert. Es ist eine beruhigende, erfrischende und sogar belebende Farbe, kann aber auch zur Ruhe und Erholung einladen.<\/p>\r\n","protected":false},"excerpt":{"rendered":"<p><strong><strong>Ultra dehnbares H\u00e4ubchen, das die Ohren Ihres Babys plattiert h\u00e4lt<\/strong>.<\/strong><\/p>\n","protected":false},"featured_media":2152,"template":"","meta":{"_eb_attr":""},"product_brand":[],"product_cat":[45],"product_tag":[],"class_list":{"0":"post-2477","1":"product","2":"type-product","3":"status-publish","4":"has-post-thumbnail","6":"product_cat-mutze","8":"first","9":"instock","10":"shipping-taxable","11":"purchasable","12":"product-type-simple"},"yoast_head":"<!-- This site is optimized with the Yoast SEO plugin v27.2 - https:\/\/yoast.com\/product\/yoast-seo-wordpress\/ -->\n<title>H\u00e4ubchen Knospengr\u00fcn - Baby&#039;s Bonnette<\/title>\n<meta name=\"description\" content=\"H\u00e4ubchen Knospengr\u00fcn - Hergestellt aus einem ultraweichen Material, dieses H\u00e4ubchen tr\u00e4gt mit Streifen und Band in knospengr\u00fcner Farbe dazu bei, da\u00df die Ohren glatt plattiert bleiben.\" \/>\n<meta name=\"robots\" content=\"index, follow, max-snippet:-1, max-image-preview:large, max-video-preview:-1\" \/>\n<link rel=\"canonical\" href=\"https:\/\/babysbonnette.com\/de\/produit\/haeubchen-muetze-knospengruen\/\" \/>\n<meta property=\"og:locale\" content=\"de_DE\" \/>\n<meta property=\"og:type\" content=\"article\" \/>\n<meta property=\"og:title\" content=\"H\u00e4ubchen Knospengr\u00fcn - Baby&#039;s Bonnette\" \/>\n<meta property=\"og:description\" content=\"H\u00e4ubchen Knospengr\u00fcn - Hergestellt aus einem ultraweichen Material, dieses H\u00e4ubchen tr\u00e4gt mit Streifen und Band in knospengr\u00fcner Farbe dazu bei, da\u00df die Ohren glatt plattiert bleiben.\" \/>\n<meta property=\"og:url\" content=\"https:\/\/babysbonnette.com\/de\/produit\/haeubchen-muetze-knospengruen\/\" \/>\n<meta property=\"og:site_name\" content=\"Baby&#039;s Bonnette\" \/>\n<meta property=\"article:modified_time\" content=\"2024-04-03T05:56:16+00:00\" \/>\n<meta property=\"og:image\" content=\"https:\/\/babysbonnette.com\/wp-content\/uploads\/2023\/11\/Vert-Babys-Bonnette.jpg\" \/>\n\t<meta property=\"og:image:width\" content=\"1000\" \/>\n\t<meta property=\"og:image:height\" content=\"1000\" \/>\n\t<meta property=\"og:image:type\" content=\"image\/jpeg\" \/>\n<meta name=\"twitter:card\" content=\"summary_large_image\" \/>\n<meta name=\"twitter:label1\" content=\"Gesch\u00e4tzte Lesezeit\" \/>\n\t<meta name=\"twitter:data1\" content=\"1\u00a0Minute\" \/>\n<script type=\"application\/ld+json\" class=\"yoast-schema-graph\">{\"@context\":\"https:\/\/schema.org\",\"@graph\":[{\"@type\":\"WebPage\",\"@id\":\"https:\/\/babysbonnette.com\/de\/produit\/haeubchen-muetze-knospengruen\/\",\"url\":\"https:\/\/babysbonnette.com\/de\/produit\/haeubchen-muetze-knospengruen\/\",\"name\":\"H\u00e4ubchen Knospengr\u00fcn - Baby's Bonnette\",\"isPartOf\":{\"@id\":\"https:\/\/babysbonnette.com\/de\/#website\"},\"primaryImageOfPage\":{\"@id\":\"https:\/\/babysbonnette.com\/de\/produit\/haeubchen-muetze-knospengruen\/#primaryimage\"},\"image\":{\"@id\":\"https:\/\/babysbonnette.com\/de\/produit\/haeubchen-muetze-knospengruen\/#primaryimage\"},\"thumbnailUrl\":\"https:\/\/babysbonnette.com\/wp-content\/uploads\/2023\/11\/Vert-Babys-Bonnette.jpg\",\"datePublished\":\"2023-12-06T16:03:31+00:00\",\"dateModified\":\"2024-04-03T05:56:16+00:00\",\"description\":\"H\u00e4ubchen Knospengr\u00fcn - Hergestellt aus einem ultraweichen Material, dieses H\u00e4ubchen tr\u00e4gt mit Streifen und Band in knospengr\u00fcner Farbe dazu bei, da\u00df die Ohren glatt plattiert bleiben.\",\"breadcrumb\":{\"@id\":\"https:\/\/babysbonnette.com\/de\/produit\/haeubchen-muetze-knospengruen\/#breadcrumb\"},\"inLanguage\":\"de\",\"potentialAction\":[{\"@type\":\"ReadAction\",\"target\":[\"https:\/\/babysbonnette.com\/de\/produit\/haeubchen-muetze-knospengruen\/\"]}]},{\"@type\":\"ImageObject\",\"inLanguage\":\"de\",\"@id\":\"https:\/\/babysbonnette.com\/de\/produit\/haeubchen-muetze-knospengruen\/#primaryimage\",\"url\":\"https:\/\/babysbonnette.com\/wp-content\/uploads\/2023\/11\/Vert-Babys-Bonnette.jpg\",\"contentUrl\":\"https:\/\/babysbonnette.com\/wp-content\/uploads\/2023\/11\/Vert-Babys-Bonnette.jpg\",\"width\":1000,\"height\":1000},{\"@type\":\"BreadcrumbList\",\"@id\":\"https:\/\/babysbonnette.com\/de\/produit\/haeubchen-muetze-knospengruen\/#breadcrumb\",\"itemListElement\":[{\"@type\":\"ListItem\",\"position\":1,\"name\":\"Home\",\"item\":\"https:\/\/babysbonnette.com\/de\/\"},{\"@type\":\"ListItem\",\"position\":2,\"name\":\"Shop\",\"item\":\"https:\/\/babysbonnette.com\/de\/shop\/\"},{\"@type\":\"ListItem\",\"position\":3,\"name\":\"H\u00e4ubchen Knospengr\u00fcn\"}]},{\"@type\":\"WebSite\",\"@id\":\"https:\/\/babysbonnette.com\/de\/#website\",\"url\":\"https:\/\/babysbonnette.com\/de\/\",\"name\":\"Baby's Bonnette\",\"description\":\"Le bonnet anti-retournement d&rsquo;oreilles est une solution pour maintenir efficacement les oreilles de b&eacute;b&eacute; pendant son sommeil. Ce bonnet plaque en douceur les oreilles de l&rsquo;enfant et les emp&ecirc;che ainsi de se retourner et de se plier. Cette astuce permet d&rsquo;&eacute;viter aux nourrissons d&rsquo;avoir les oreilles d&eacute;coll&eacute;es.\",\"publisher\":{\"@id\":\"https:\/\/babysbonnette.com\/de\/#organization\"},\"potentialAction\":[{\"@type\":\"SearchAction\",\"target\":{\"@type\":\"EntryPoint\",\"urlTemplate\":\"https:\/\/babysbonnette.com\/de\/?s={search_term_string}\"},\"query-input\":{\"@type\":\"PropertyValueSpecification\",\"valueRequired\":true,\"valueName\":\"search_term_string\"}}],\"inLanguage\":\"de\"},{\"@type\":\"Organization\",\"@id\":\"https:\/\/babysbonnette.com\/de\/#organization\",\"name\":\"Baby's Bonnette\",\"url\":\"https:\/\/babysbonnette.com\/de\/\",\"logo\":{\"@type\":\"ImageObject\",\"inLanguage\":\"de\",\"@id\":\"https:\/\/babysbonnette.com\/de\/#\/schema\/logo\/image\/\",\"url\":\"https:\/\/babysbonnette.com\/wp-content\/uploads\/2023\/11\/logo-2.png\",\"contentUrl\":\"https:\/\/babysbonnette.com\/wp-content\/uploads\/2023\/11\/logo-2.png\",\"width\":260,\"height\":150,\"caption\":\"Baby's Bonnette\"},\"image\":{\"@id\":\"https:\/\/babysbonnette.com\/de\/#\/schema\/logo\/image\/\"},\"sameAs\":[\"https:\/\/www.instagram.com\/babys_bonnette\/\"]}]}<\/script>\n<!-- \/ Yoast SEO plugin. -->","yoast_head_json":{"title":"H\u00e4ubchen Knospengr\u00fcn - Baby's Bonnette","description":"H\u00e4ubchen Knospengr\u00fcn - Hergestellt aus einem ultraweichen Material, dieses H\u00e4ubchen tr\u00e4gt mit Streifen und Band in knospengr\u00fcner Farbe dazu bei, da\u00df die Ohren glatt plattiert bleiben.","robots":{"index":"index","follow":"follow","max-snippet":"max-snippet:-1","max-image-preview":"max-image-preview:large","max-video-preview":"max-video-preview:-1"},"canonical":"https:\/\/babysbonnette.com\/de\/produit\/haeubchen-muetze-knospengruen\/","og_locale":"de_DE","og_type":"article","og_title":"H\u00e4ubchen Knospengr\u00fcn - Baby's Bonnette","og_description":"H\u00e4ubchen Knospengr\u00fcn - Hergestellt aus einem ultraweichen Material, dieses H\u00e4ubchen tr\u00e4gt mit Streifen und Band in knospengr\u00fcner Farbe dazu bei, da\u00df die Ohren glatt plattiert bleiben.","og_url":"https:\/\/babysbonnette.com\/de\/produit\/haeubchen-muetze-knospengruen\/","og_site_name":"Baby's Bonnette","article_modified_time":"2024-04-03T05:56:16+00:00","og_image":[{"width":1000,"height":1000,"url":"https:\/\/babysbonnette.com\/wp-content\/uploads\/2023\/11\/Vert-Babys-Bonnette.jpg","type":"image\/jpeg"}],"twitter_card":"summary_large_image","twitter_misc":{"Gesch\u00e4tzte Lesezeit":"1\u00a0Minute"},"schema":{"@context":"https:\/\/schema.org","@graph":[{"@type":"WebPage","@id":"https:\/\/babysbonnette.com\/de\/produit\/haeubchen-muetze-knospengruen\/","url":"https:\/\/babysbonnette.com\/de\/produit\/haeubchen-muetze-knospengruen\/","name":"H\u00e4ubchen Knospengr\u00fcn - Baby's Bonnette","isPartOf":{"@id":"https:\/\/babysbonnette.com\/de\/#website"},"primaryImageOfPage":{"@id":"https:\/\/babysbonnette.com\/de\/produit\/haeubchen-muetze-knospengruen\/#primaryimage"},"image":{"@id":"https:\/\/babysbonnette.com\/de\/produit\/haeubchen-muetze-knospengruen\/#primaryimage"},"thumbnailUrl":"https:\/\/babysbonnette.com\/wp-content\/uploads\/2023\/11\/Vert-Babys-Bonnette.jpg","datePublished":"2023-12-06T16:03:31+00:00","dateModified":"2024-04-03T05:56:16+00:00","description":"H\u00e4ubchen Knospengr\u00fcn - Hergestellt aus einem ultraweichen Material, dieses H\u00e4ubchen tr\u00e4gt mit Streifen und Band in knospengr\u00fcner Farbe dazu bei, da\u00df die Ohren glatt plattiert bleiben.","breadcrumb":{"@id":"https:\/\/babysbonnette.com\/de\/produit\/haeubchen-muetze-knospengruen\/#breadcrumb"},"inLanguage":"de","potentialAction":[{"@type":"ReadAction","target":["https:\/\/babysbonnette.com\/de\/produit\/haeubchen-muetze-knospengruen\/"]}]},{"@type":"ImageObject","inLanguage":"de","@id":"https:\/\/babysbonnette.com\/de\/produit\/haeubchen-muetze-knospengruen\/#primaryimage","url":"https:\/\/babysbonnette.com\/wp-content\/uploads\/2023\/11\/Vert-Babys-Bonnette.jpg","contentUrl":"https:\/\/babysbonnette.com\/wp-content\/uploads\/2023\/11\/Vert-Babys-Bonnette.jpg","width":1000,"height":1000},{"@type":"BreadcrumbList","@id":"https:\/\/babysbonnette.com\/de\/produit\/haeubchen-muetze-knospengruen\/#breadcrumb","itemListElement":[{"@type":"ListItem","position":1,"name":"Home","item":"https:\/\/babysbonnette.com\/de\/"},{"@type":"ListItem","position":2,"name":"Shop","item":"https:\/\/babysbonnette.com\/de\/shop\/"},{"@type":"ListItem","position":3,"name":"H\u00e4ubchen Knospengr\u00fcn"}]},{"@type":"WebSite","@id":"https:\/\/babysbonnette.com\/de\/#website","url":"https:\/\/babysbonnette.com\/de\/","name":"Baby's Bonnette","description":"Le bonnet anti-retournement d&rsquo;oreilles est une solution pour maintenir efficacement les oreilles de b&eacute;b&eacute; pendant son sommeil. Ce bonnet plaque en douceur les oreilles de l&rsquo;enfant et les emp&ecirc;che ainsi de se retourner et de se plier. Cette astuce permet d&rsquo;&eacute;viter aux nourrissons d&rsquo;avoir les oreilles d&eacute;coll&eacute;es.","publisher":{"@id":"https:\/\/babysbonnette.com\/de\/#organization"},"potentialAction":[{"@type":"SearchAction","target":{"@type":"EntryPoint","urlTemplate":"https:\/\/babysbonnette.com\/de\/?s={search_term_string}"},"query-input":{"@type":"PropertyValueSpecification","valueRequired":true,"valueName":"search_term_string"}}],"inLanguage":"de"},{"@type":"Organization","@id":"https:\/\/babysbonnette.com\/de\/#organization","name":"Baby's Bonnette","url":"https:\/\/babysbonnette.com\/de\/","logo":{"@type":"ImageObject","inLanguage":"de","@id":"https:\/\/babysbonnette.com\/de\/#\/schema\/logo\/image\/","url":"https:\/\/babysbonnette.com\/wp-content\/uploads\/2023\/11\/logo-2.png","contentUrl":"https:\/\/babysbonnette.com\/wp-content\/uploads\/2023\/11\/logo-2.png","width":260,"height":150,"caption":"Baby's Bonnette"},"image":{"@id":"https:\/\/babysbonnette.com\/de\/#\/schema\/logo\/image\/"},"sameAs":["https:\/\/www.instagram.com\/babys_bonnette\/"]}]}},"_links":{"self":[{"href":"https:\/\/babysbonnette.com\/de\/wp-json\/wp\/v2\/product\/2477","targetHints":{"allow":["GET"]}}],"collection":[{"href":"https:\/\/babysbonnette.com\/de\/wp-json\/wp\/v2\/product"}],"about":[{"href":"https:\/\/babysbonnette.com\/de\/wp-json\/wp\/v2\/types\/product"}],"wp:featuredmedia":[{"embeddable":true,"href":"https:\/\/babysbonnette.com\/de\/wp-json\/wp\/v2\/media\/2152"}],"wp:attachment":[{"href":"https:\/\/babysbonnette.com\/de\/wp-json\/wp\/v2\/media?parent=2477"}],"wp:term":[{"taxonomy":"product_brand","embeddable":true,"href":"https:\/\/babysbonnette.com\/de\/wp-json\/wp\/v2\/product_brand?post=2477"},{"taxonomy":"product_cat","embeddable":true,"href":"https:\/\/babysbonnette.com\/de\/wp-json\/wp\/v2\/product_cat?post=2477"},{"taxonomy":"product_tag","embeddable":true,"href":"https:\/\/babysbonnette.com\/de\/wp-json\/wp\/v2\/product_tag?post=2477"}],"curies":[{"name":"wp","href":"https:\/\/api.w.org\/{rel}","templated":true}]}}