{"id":8226,"date":"2023-12-19T17:32:11","date_gmt":"2023-12-19T16:32:11","guid":{"rendered":"https:\/\/babysbonnette.com\/?page_id=8226"},"modified":"2024-07-01T14:20:58","modified_gmt":"2024-07-01T12:20:58","slug":"rechtlicher-hinweis","status":"publish","type":"page","link":"https:\/\/babysbonnette.com\/de\/rechtlicher-hinweis\/","title":{"rendered":"Rechtlicher Hinweis"},"content":{"rendered":"\n<h2 class=\"wp-block-heading has-medium-font-size\">1 &#8211; Herausgabe der Website<\/h2>\n\n\n\n<p class=\"has-small-font-size\">Gem\u00e4\u00df Artikel 6 des Gesetzes Nr. 2004-575 vom 21. Juni 2004 \u00fcber das Vertrauen in die digitale Wirtschaft wird den Nutzern der Website https:\/\/babysbonnette.com\/ die Identit\u00e4t der verschiedenen Akteure im Rahmen der Erstellung und Betreuung der Website mitgeteilt:<\/p>\n\n\n\n<p class=\"has-small-font-size\">Eigent\u00fcmer der Website: Sandrine Devester (EI) &#8211; Kontakt: contact@babysbonnette.com &#8211; SIRET: 79135403800055 &#8211; Adresse: PONT-VERT 18500 MARMAGNE &#8211; Frankreich.<\/p>\n\n\n\n<p class=\"has-small-font-size\">Identifizierung des Unternehmens: Sandrine Devester (E.I.)- SIRET: 79135403800055 &#8211; RCS Bourges &#8211; Postanschrift: PONT-VERT 18500 MARMAGNE \u2013 Frankreich<\/p>\n\n\n\n<p class=\"has-small-font-size\">Allgemeine Gesch\u00e4ftsbedingungen<\/p>\n\n\n\n<p class=\"has-small-font-size\">Leiter der Ver\u00f6ffentlichung: Sandrine Devester &#8211; contact@babysbonnette.com<\/p>\n\n\n\n<p class=\"has-small-font-size\">Hosting: 1&amp;1 \/ IONOS &#8211; 7 Place de la Gare &#8211; 57200 Sarreguemines &#8211; Telefon: 09.70.80.89.11<\/p>\n\n\n\n<p class=\"has-small-font-size\">Datenschutzbeauftragter: contact@babysbonnette.com<\/p>\n\n\n\n<p class=\"has-small-font-size\">Design:<\/p>\n\n\n\n<p class=\"has-small-font-size\">Fotografie: Empreinte d&#8217;ailleurs<\/p>\n\n\n\n<p class=\"has-small-font-size\">Integration: DeepDive Andr\u00e9 Gentit Nicolas Juillet.<\/p>\n\n\n\n<p class=\"has-small-font-size\">Fotocredit: ENVATO<\/p>\n\n\n\n<h2 class=\"wp-block-heading has-medium-font-size\">2 &#8211; Geistiges Eigentum und F\u00e4lschungen<\/h2>\n\n\n\n<p class=\"has-small-font-size\">Sandrine Devester ist Eigent\u00fcmerin der Rechte am geistigen Eigentum und besitzt die Nutzungsrechte f\u00fcr alle auf der Website zug\u00e4nglichen Elemente, insbesondere Texte, Bilder, Grafiken, Logos, Videos, Architektur, Icons und Sounds.<\/p>\n\n\n\n<p class=\"has-small-font-size\">Jede Vervielf\u00e4ltigung, Darstellung, \u00c4nderung, Ver\u00f6ffentlichung und Anpassung aller oder eines Teils der Elemente der Website, unabh\u00e4ngig von den verwendeten Mitteln oder Verfahren, ist ohne vorherige schriftliche Genehmigung von Sandrine Devester untersagt.<\/p>\n\n\n\n<p class=\"has-small-font-size\">Jede nicht genehmigte Nutzung der Website oder eines ihrer Elemente wird als F\u00e4lschung angesehen und gem\u00e4\u00df den Bestimmungen der Artikel L.335-2 ff. des franz\u00f6sischen Gesetzbuchs \u00fcber geistiges Eigentum (Code de Propri\u00e9t\u00e9 Intellectuelle) verfolgt.<\/p>\n\n\n\n<h2 class=\"wp-block-heading has-medium-font-size\">3 &#8211; Haftungsbeschr\u00e4nkungen<\/h2>\n\n\n\n<p class=\"has-small-font-size\">E.I. haftet nicht f\u00fcr direkte oder indirekte Sch\u00e4den an der Hardware des Nutzers beim Zugriff auf die Website https:\/\/babysbonnette.com\/.<\/p>\n\n\n\n<p class=\"has-small-font-size\">E.I. \u00fcbernimmt keine Verantwortung f\u00fcr die Nutzung der Informationen und Inhalte auf https:\/\/babysbonnette.com\/.<\/p>\n\n\n\n<p class=\"has-small-font-size\">E.I. verpflichtet sich, die Website https:\/\/babysbonnette.com\/ so gut wie m\u00f6glich zu sichern, kann jedoch nicht haftbar gemacht werden, wenn ohne sein Wissen unerw\u00fcnschte Daten auf seine Website importiert und dort installiert werden.<\/p>\n\n\n\n<p class=\"has-small-font-size\">Interaktive Bereiche (Kontakt- oder Kommentarbereich) stehen den Nutzern zur Verf\u00fcgung. E.I. beh\u00e4lt sich das Recht vor, ohne vorherige Mahnung alle in diesem Bereich abgelegten Inhalte zu l\u00f6schen, die gegen die in Frankreich geltenden Gesetze und insbesondere gegen die Bestimmungen zum Datenschutz versto\u00dfen.<\/p>\n\n\n\n<p class=\"has-small-font-size\">Gegebenenfalls beh\u00e4lt sich E.I. auch die M\u00f6glichkeit vor, den Nutzer zivil- und\/oder strafrechtlich haftbar zu machen, insbesondere bei rassistischen, beleidigenden, diffamierenden oder pornografischen Mitteilungen, unabh\u00e4ngig von den verwendeten Medien (Text, Fotografie &#8230;).<\/p>\n\n\n\n<h2 class=\"wp-block-heading has-medium-font-size\">4 &#8211; CNIL und Verwaltung pers\u00f6nlicher Daten<\/h2>\n\n\n\n<p class=\"has-small-font-size\">Gem\u00e4\u00df den Bestimmungen des ge\u00e4nderten Gesetzes 78-17 vom 6. Januar 1978 hat der Nutzer der Website https:\/\/babysbonnette.com\/ das Recht, auf die gesammelten Informationen zuzugreifen, sie zu \u00e4ndern und zu l\u00f6schen. Um dieses Recht auszu\u00fcben, senden Sie eine Nachricht an unseren Datenschutzbeauftragten: <a href=\"mailto:contact@babysbonnette.com\">contact@babysbonnette.com<\/a>.<\/p>\n\n\n\n<h2 class=\"wp-block-heading has-medium-font-size\">5 &#8211; Hyperlinks und Cookies<\/h2>\n\n\n\n<p class=\"has-small-font-size\">Die Website https:\/\/babysbonnette.com\/ enth\u00e4lt Hyperlinks zu anderen Websites und \u00fcbernimmt keine Verantwortung f\u00fcr diese externen Links oder f\u00fcr Links, die von anderen Websites zu https:\/\/babysbonnette.com\/ erstellt wurden.<\/p>\n\n\n\n<p class=\"has-small-font-size\">Das Surfen auf der Website https:\/\/babysbonnette.com\/ kann dazu f\u00fchren, dass auf dem Computer des Nutzers ein Cookie(s) installiert wird.<\/p>\n\n\n\n<p class=\"has-small-font-size\">Ein &#8222;Cookie&#8220; ist eine kleine Datei, die Informationen \u00fcber die Navigation eines Nutzers auf einer Website speichert. Die so gewonnenen Daten erm\u00f6glichen z. B. die Messung der Besucherzahlen.<\/p>\n\n\n\n<p class=\"has-small-font-size\">Sie haben die M\u00f6glichkeit, Cookies zu akzeptieren oder abzulehnen, indem Sie die Einstellungen Ihres Browsers \u00e4ndern. Ohne Ihre Zustimmung werden keine Cookies abgelegt.<\/p>\n\n\n\n<p class=\"has-small-font-size\">Cookies werden f\u00fcr eine Dauer von maximal 12 Monaten gespeichert.<\/p>\n\n\n\n<h2 class=\"wp-block-heading has-medium-font-size\">6 &#8211; Anwendbares Recht und Gerichtsstand<\/h2>\n\n\n\n<p class=\"has-small-font-size\">Alle Streitigkeiten im Zusammenhang mit der Nutzung der Website https:\/\/babysbonnette.com\/ unterliegen dem franz\u00f6sischen Recht. Au\u00dfer in F\u00e4llen, in denen dies gesetzlich nicht zul\u00e4ssig ist, wird die ausschlie\u00dfliche Zust\u00e4ndigkeit den zust\u00e4ndigen Gerichten in Bourges zugewiesen.<\/p>\n","protected":false},"excerpt":{"rendered":"<p>1 &#8211; Herausgabe der Website Gem\u00e4\u00df Artikel 6 des Gesetzes Nr. 2004-575 vom 21. Juni 2004 \u00fcber das Vertrauen in die digitale Wirtschaft wird den Nutzern der Website https:\/\/babysbonnette.com\/ die Identit\u00e4t der verschiedenen Akteure im Rahmen der Erstellung und Betreuung der Website mitgeteilt: Eigent\u00fcmer der Website: Sandrine Devester (EI) &#8211; Kontakt: contact@babysbonnette.com &#8211; SIRET: 79135403800055 [&hellip;]<\/p>\n","protected":false},"author":5,"featured_media":0,"parent":0,"menu_order":0,"comment_status":"closed","ping_status":"closed","template":"","meta":{"_eb_attr":"","footnotes":""},"class_list":["post-8226","page","type-page","status-publish","hentry"],"yoast_head":"<!-- This site is optimized with the Yoast SEO plugin v27.2 - https:\/\/yoast.com\/product\/yoast-seo-wordpress\/ -->\n<title>Rechtlicher Hinweis - Baby&#039;s Bonnette<\/title>\n<meta name=\"robots\" content=\"index, follow, max-snippet:-1, max-image-preview:large, max-video-preview:-1\" \/>\n<link rel=\"canonical\" href=\"https:\/\/babysbonnette.com\/de\/rechtlicher-hinweis\/\" \/>\n<meta property=\"og:locale\" content=\"de_DE\" \/>\n<meta property=\"og:type\" content=\"article\" \/>\n<meta property=\"og:title\" content=\"Rechtlicher Hinweis - Baby&#039;s Bonnette\" \/>\n<meta property=\"og:description\" content=\"1 &#8211; Herausgabe der Website Gem\u00e4\u00df Artikel 6 des Gesetzes Nr. 2004-575 vom 21. Juni 2004 \u00fcber das Vertrauen in die digitale Wirtschaft wird den Nutzern der Website https:\/\/babysbonnette.com\/ die Identit\u00e4t der verschiedenen Akteure im Rahmen der Erstellung und Betreuung der Website mitgeteilt: Eigent\u00fcmer der Website: Sandrine Devester (EI) &#8211; Kontakt: contact@babysbonnette.com &#8211; SIRET: 79135403800055 [&hellip;]\" \/>\n<meta property=\"og:url\" content=\"https:\/\/babysbonnette.com\/de\/rechtlicher-hinweis\/\" \/>\n<meta property=\"og:site_name\" content=\"Baby&#039;s Bonnette\" \/>\n<meta property=\"article:modified_time\" content=\"2024-07-01T12:20:58+00:00\" \/>\n<meta name=\"twitter:card\" content=\"summary_large_image\" \/>\n<meta name=\"twitter:label1\" content=\"Gesch\u00e4tzte Lesezeit\" \/>\n\t<meta name=\"twitter:data1\" content=\"3\u00a0Minuten\" \/>\n<script type=\"application\/ld+json\" class=\"yoast-schema-graph\">{\"@context\":\"https:\/\/schema.org\",\"@graph\":[{\"@type\":\"WebPage\",\"@id\":\"https:\/\/babysbonnette.com\/de\/rechtlicher-hinweis\/\",\"url\":\"https:\/\/babysbonnette.com\/de\/rechtlicher-hinweis\/\",\"name\":\"Rechtlicher Hinweis - Baby's Bonnette\",\"isPartOf\":{\"@id\":\"https:\/\/babysbonnette.com\/de\/#website\"},\"datePublished\":\"2023-12-19T16:32:11+00:00\",\"dateModified\":\"2024-07-01T12:20:58+00:00\",\"breadcrumb\":{\"@id\":\"https:\/\/babysbonnette.com\/de\/rechtlicher-hinweis\/#breadcrumb\"},\"inLanguage\":\"de\",\"potentialAction\":[{\"@type\":\"ReadAction\",\"target\":[\"https:\/\/babysbonnette.com\/de\/rechtlicher-hinweis\/\"]}]},{\"@type\":\"BreadcrumbList\",\"@id\":\"https:\/\/babysbonnette.com\/de\/rechtlicher-hinweis\/#breadcrumb\",\"itemListElement\":[{\"@type\":\"ListItem\",\"position\":1,\"name\":\"Home\",\"item\":\"https:\/\/babysbonnette.com\/de\/\"},{\"@type\":\"ListItem\",\"position\":2,\"name\":\"Rechtlicher Hinweis\"}]},{\"@type\":\"WebSite\",\"@id\":\"https:\/\/babysbonnette.com\/de\/#website\",\"url\":\"https:\/\/babysbonnette.com\/de\/\",\"name\":\"Baby's Bonnette\",\"description\":\"Le bonnet anti-retournement d&rsquo;oreilles est une solution pour maintenir efficacement les oreilles de b&eacute;b&eacute; pendant son sommeil. Ce bonnet plaque en douceur les oreilles de l&rsquo;enfant et les emp&ecirc;che ainsi de se retourner et de se plier. Cette astuce permet d&rsquo;&eacute;viter aux nourrissons d&rsquo;avoir les oreilles d&eacute;coll&eacute;es.\",\"publisher\":{\"@id\":\"https:\/\/babysbonnette.com\/de\/#organization\"},\"potentialAction\":[{\"@type\":\"SearchAction\",\"target\":{\"@type\":\"EntryPoint\",\"urlTemplate\":\"https:\/\/babysbonnette.com\/de\/?s={search_term_string}\"},\"query-input\":{\"@type\":\"PropertyValueSpecification\",\"valueRequired\":true,\"valueName\":\"search_term_string\"}}],\"inLanguage\":\"de\"},{\"@type\":\"Organization\",\"@id\":\"https:\/\/babysbonnette.com\/de\/#organization\",\"name\":\"Baby's Bonnette\",\"url\":\"https:\/\/babysbonnette.com\/de\/\",\"logo\":{\"@type\":\"ImageObject\",\"inLanguage\":\"de\",\"@id\":\"https:\/\/babysbonnette.com\/de\/#\/schema\/logo\/image\/\",\"url\":\"https:\/\/babysbonnette.com\/wp-content\/uploads\/2023\/11\/logo-2.png\",\"contentUrl\":\"https:\/\/babysbonnette.com\/wp-content\/uploads\/2023\/11\/logo-2.png\",\"width\":260,\"height\":150,\"caption\":\"Baby's Bonnette\"},\"image\":{\"@id\":\"https:\/\/babysbonnette.com\/de\/#\/schema\/logo\/image\/\"},\"sameAs\":[\"https:\/\/www.instagram.com\/babys_bonnette\/\"]}]}<\/script>\n<!-- \/ Yoast SEO plugin. -->","yoast_head_json":{"title":"Rechtlicher Hinweis - Baby's Bonnette","robots":{"index":"index","follow":"follow","max-snippet":"max-snippet:-1","max-image-preview":"max-image-preview:large","max-video-preview":"max-video-preview:-1"},"canonical":"https:\/\/babysbonnette.com\/de\/rechtlicher-hinweis\/","og_locale":"de_DE","og_type":"article","og_title":"Rechtlicher Hinweis - Baby's Bonnette","og_description":"1 &#8211; Herausgabe der Website Gem\u00e4\u00df Artikel 6 des Gesetzes Nr. 2004-575 vom 21. Juni 2004 \u00fcber das Vertrauen in die digitale Wirtschaft wird den Nutzern der Website https:\/\/babysbonnette.com\/ die Identit\u00e4t der verschiedenen Akteure im Rahmen der Erstellung und Betreuung der Website mitgeteilt: Eigent\u00fcmer der Website: Sandrine Devester (EI) &#8211; Kontakt: contact@babysbonnette.com &#8211; SIRET: 79135403800055 [&hellip;]","og_url":"https:\/\/babysbonnette.com\/de\/rechtlicher-hinweis\/","og_site_name":"Baby's Bonnette","article_modified_time":"2024-07-01T12:20:58+00:00","twitter_card":"summary_large_image","twitter_misc":{"Gesch\u00e4tzte Lesezeit":"3\u00a0Minuten"},"schema":{"@context":"https:\/\/schema.org","@graph":[{"@type":"WebPage","@id":"https:\/\/babysbonnette.com\/de\/rechtlicher-hinweis\/","url":"https:\/\/babysbonnette.com\/de\/rechtlicher-hinweis\/","name":"Rechtlicher Hinweis - Baby's Bonnette","isPartOf":{"@id":"https:\/\/babysbonnette.com\/de\/#website"},"datePublished":"2023-12-19T16:32:11+00:00","dateModified":"2024-07-01T12:20:58+00:00","breadcrumb":{"@id":"https:\/\/babysbonnette.com\/de\/rechtlicher-hinweis\/#breadcrumb"},"inLanguage":"de","potentialAction":[{"@type":"ReadAction","target":["https:\/\/babysbonnette.com\/de\/rechtlicher-hinweis\/"]}]},{"@type":"BreadcrumbList","@id":"https:\/\/babysbonnette.com\/de\/rechtlicher-hinweis\/#breadcrumb","itemListElement":[{"@type":"ListItem","position":1,"name":"Home","item":"https:\/\/babysbonnette.com\/de\/"},{"@type":"ListItem","position":2,"name":"Rechtlicher Hinweis"}]},{"@type":"WebSite","@id":"https:\/\/babysbonnette.com\/de\/#website","url":"https:\/\/babysbonnette.com\/de\/","name":"Baby's Bonnette","description":"Le bonnet anti-retournement d&rsquo;oreilles est une solution pour maintenir efficacement les oreilles de b&eacute;b&eacute; pendant son sommeil. Ce bonnet plaque en douceur les oreilles de l&rsquo;enfant et les emp&ecirc;che ainsi de se retourner et de se plier. Cette astuce permet d&rsquo;&eacute;viter aux nourrissons d&rsquo;avoir les oreilles d&eacute;coll&eacute;es.","publisher":{"@id":"https:\/\/babysbonnette.com\/de\/#organization"},"potentialAction":[{"@type":"SearchAction","target":{"@type":"EntryPoint","urlTemplate":"https:\/\/babysbonnette.com\/de\/?s={search_term_string}"},"query-input":{"@type":"PropertyValueSpecification","valueRequired":true,"valueName":"search_term_string"}}],"inLanguage":"de"},{"@type":"Organization","@id":"https:\/\/babysbonnette.com\/de\/#organization","name":"Baby's Bonnette","url":"https:\/\/babysbonnette.com\/de\/","logo":{"@type":"ImageObject","inLanguage":"de","@id":"https:\/\/babysbonnette.com\/de\/#\/schema\/logo\/image\/","url":"https:\/\/babysbonnette.com\/wp-content\/uploads\/2023\/11\/logo-2.png","contentUrl":"https:\/\/babysbonnette.com\/wp-content\/uploads\/2023\/11\/logo-2.png","width":260,"height":150,"caption":"Baby's Bonnette"},"image":{"@id":"https:\/\/babysbonnette.com\/de\/#\/schema\/logo\/image\/"},"sameAs":["https:\/\/www.instagram.com\/babys_bonnette\/"]}]}},"_links":{"self":[{"href":"https:\/\/babysbonnette.com\/de\/wp-json\/wp\/v2\/pages\/8226","targetHints":{"allow":["GET"]}}],"collection":[{"href":"https:\/\/babysbonnette.com\/de\/wp-json\/wp\/v2\/pages"}],"about":[{"href":"https:\/\/babysbonnette.com\/de\/wp-json\/wp\/v2\/types\/page"}],"author":[{"embeddable":true,"href":"https:\/\/babysbonnette.com\/de\/wp-json\/wp\/v2\/users\/5"}],"replies":[{"embeddable":true,"href":"https:\/\/babysbonnette.com\/de\/wp-json\/wp\/v2\/comments?post=8226"}],"version-history":[{"count":1,"href":"https:\/\/babysbonnette.com\/de\/wp-json\/wp\/v2\/pages\/8226\/revisions"}],"predecessor-version":[{"id":8227,"href":"https:\/\/babysbonnette.com\/de\/wp-json\/wp\/v2\/pages\/8226\/revisions\/8227"}],"wp:attachment":[{"href":"https:\/\/babysbonnette.com\/de\/wp-json\/wp\/v2\/media?parent=8226"}],"curies":[{"name":"wp","href":"https:\/\/api.w.org\/{rel}","templated":true}]}}